{"id":723,"date":"2023-07-09T14:14:58","date_gmt":"2023-07-09T14:14:58","guid":{"rendered":"https:\/\/2023.gaestehaus-koenigstein.de\/?page_id=723"},"modified":"2023-07-09T14:30:01","modified_gmt":"2023-07-09T14:30:01","slug":"appartment-3","status":"publish","type":"page","link":"https:\/\/2023.gaestehaus-koenigstein.de\/?page_id=723","title":{"rendered":"Appartment 3"},"content":{"rendered":"\t\t<div data-elementor-type=\"wp-page\" data-elementor-id=\"723\" class=\"elementor elementor-723\">\n\t\t\t\t\t\t\t\t\t<section class=\"elementor-section elementor-top-section elementor-element elementor-element-42391ef elementor-section-boxed elementor-section-height-default elementor-section-height-default\" data-id=\"42391ef\" data-element_type=\"section\">\n\t\t\t\t\t\t<div class=\"elementor-container elementor-column-gap-default\">\n\t\t\t\t\t<div class=\"elementor-column elementor-col-100 elementor-top-column elementor-element elementor-element-094533b\" data-id=\"094533b\" data-element_type=\"column\">\n\t\t\t<div class=\"elementor-widget-wrap elementor-element-populated\">\n\t\t\t\t\t\t\t\t<div class=\"elementor-element elementor-element-e57c915 elementor-widget elementor-widget-text-editor\" data-id=\"e57c915\" data-element_type=\"widget\" data-widget_type=\"text-editor.default\">\n\t\t\t\t<div class=\"elementor-widget-container\">\n\t\t\t<style>\/*! elementor - v3.14.0 - 26-06-2023 *\/\n.elementor-widget-text-editor.elementor-drop-cap-view-stacked .elementor-drop-cap{background-color:#69727d;color:#fff}.elementor-widget-text-editor.elementor-drop-cap-view-framed .elementor-drop-cap{color:#69727d;border:3px solid;background-color:transparent}.elementor-widget-text-editor:not(.elementor-drop-cap-view-default) .elementor-drop-cap{margin-top:8px}.elementor-widget-text-editor:not(.elementor-drop-cap-view-default) .elementor-drop-cap-letter{width:1em;height:1em}.elementor-widget-text-editor .elementor-drop-cap{float:left;text-align:center;line-height:1;font-size:50px}.elementor-widget-text-editor .elementor-drop-cap-letter{display:inline-block}<\/style>\t\t\t\t<p>Gem\u00fctliche Altstadtwohnung mit Flair.<br \/>Helle Unterkunft mit urigem Hinterhof Blick aus einem der Fenster. Ger\u00e4umige K\u00fcche, Wohnbereich mit Schlafsofa, Tageslichtbad mit Dusche.<br \/>Die Wohnung befindet sich im 1.OG.<br \/>Im Erdgeschoss befindet sich die Gemeinschaftsterrasse mit einem grossen Tisch. Ein wunderbarer Platz zum fr\u00fchst\u00fccken oder lesen. Sonne gibt es dort bis ca. 13 Uhr, danach ein herrlich schattiger Platz zum verweilen.<\/p>\t\t\t\t\t\t<\/div>\n\t\t\t\t<\/div>\n\t\t\t\t\t<\/div>\n\t\t<\/div>\n\t\t\t\t\t\t\t<\/div>\n\t\t<\/section>\n\t\t\t\t<section class=\"elementor-section elementor-top-section elementor-element elementor-element-b2b0e05 elementor-section-boxed elementor-section-height-default elementor-section-height-default\" data-id=\"b2b0e05\" data-element_type=\"section\">\n\t\t\t\t\t\t<div class=\"elementor-container elementor-column-gap-default\">\n\t\t\t\t\t<div class=\"elementor-column elementor-col-100 elementor-top-column elementor-element elementor-element-4e3d970\" data-id=\"4e3d970\" data-element_type=\"column\">\n\t\t\t<div class=\"elementor-widget-wrap elementor-element-populated\">\n\t\t\t\t\t\t\t\t<div class=\"elementor-element elementor-element-4dc19c2 elementor-arrows-position-inside elementor-pagination-position-outside elementor-widget elementor-widget-image-carousel\" data-id=\"4dc19c2\" data-element_type=\"widget\" data-settings=\"{&quot;navigation&quot;:&quot;both&quot;,&quot;autoplay&quot;:&quot;yes&quot;,&quot;pause_on_hover&quot;:&quot;yes&quot;,&quot;pause_on_interaction&quot;:&quot;yes&quot;,&quot;autoplay_speed&quot;:5000,&quot;infinite&quot;:&quot;yes&quot;,&quot;speed&quot;:500}\" data-widget_type=\"image-carousel.default\">\n\t\t\t\t<div class=\"elementor-widget-container\">\n\t\t\t<style>\/*! elementor - v3.14.0 - 26-06-2023 *\/\n.elementor-widget-image-carousel .swiper,.elementor-widget-image-carousel .swiper-container{position:static}.elementor-widget-image-carousel .swiper-container .swiper-slide figure,.elementor-widget-image-carousel .swiper .swiper-slide figure{line-height:inherit}.elementor-widget-image-carousel .swiper-slide{text-align:center}.elementor-image-carousel-wrapper:not(.swiper-container-initialized):not(.swiper-initialized) .swiper-slide{max-width:calc(100% \/ var(--e-image-carousel-slides-to-show, 3))}<\/style>\t\t<div class=\"elementor-image-carousel-wrapper swiper\" dir=\"ltr\">\n\t\t\t<div class=\"elementor-image-carousel swiper-wrapper\" aria-live=\"off\">\n\t\t\t\t\t\t\t\t<div class=\"swiper-slide\" role=\"group\" aria-roledescription=\"slide\" aria-label=\"1 of 8\"><a data-elementor-open-lightbox=\"yes\" data-elementor-lightbox-slideshow=\"4dc19c2\" data-elementor-lightbox-title=\"Gem\u00fctliches Doppelbett 1,80 m breit mit Topper und getrennten Matratzen\" data-e-action-hash=\"#elementor-action%3Aaction%3Dlightbox%26settings%3DeyJpZCI6NzMwLCJ1cmwiOiJodHRwczpcL1wvMjAyMy5nYWVzdGVoYXVzLWtvZW5pZ3N0ZWluLmRlXC93cC1jb250ZW50XC91cGxvYWRzXC8yMDIzXC8wN1wvSU1HXzIwMjMwNjA1XzE2NDY1MS1zY2FsZWQuanBnIiwic2xpZGVzaG93IjoiNGRjMTljMiJ9\" href=\"https:\/\/2023.gaestehaus-koenigstein.de\/wp-content\/uploads\/2023\/07\/IMG_20230605_164651-scaled.jpg\"><figure class=\"swiper-slide-inner\"><img decoding=\"async\" class=\"swiper-slide-image\" src=\"https:\/\/2023.gaestehaus-koenigstein.de\/wp-content\/uploads\/2023\/07\/IMG_20230605_164651-225x300.jpg\" alt=\"App3_2\" \/><figcaption class=\"elementor-image-carousel-caption\">Gem\u00fctliches Doppelbett 1,80 m breit mit Topper und getrennten Matratzen<\/figcaption><\/figure><\/a><\/div><div class=\"swiper-slide\" role=\"group\" aria-roledescription=\"slide\" aria-label=\"2 of 8\"><a data-elementor-open-lightbox=\"yes\" data-elementor-lightbox-slideshow=\"4dc19c2\" data-elementor-lightbox-title=\"Das grosse Doppelbett mit Topper und getrennten Matratzen\" data-e-action-hash=\"#elementor-action%3Aaction%3Dlightbox%26settings%3DeyJpZCI6NzI5LCJ1cmwiOiJodHRwczpcL1wvMjAyMy5nYWVzdGVoYXVzLWtvZW5pZ3N0ZWluLmRlXC93cC1jb250ZW50XC91cGxvYWRzXC8yMDIzXC8wN1wvSU1HXzIwMjMwNjA1XzE2NDYzMy1zY2FsZWQuanBnIiwic2xpZGVzaG93IjoiNGRjMTljMiJ9\" href=\"https:\/\/2023.gaestehaus-koenigstein.de\/wp-content\/uploads\/2023\/07\/IMG_20230605_164633-scaled.jpg\"><figure class=\"swiper-slide-inner\"><img decoding=\"async\" class=\"swiper-slide-image\" src=\"https:\/\/2023.gaestehaus-koenigstein.de\/wp-content\/uploads\/2023\/07\/IMG_20230605_164633-225x300.jpg\" alt=\"App3_1\" \/><figcaption class=\"elementor-image-carousel-caption\">Das grosse Doppelbett mit Topper und getrennten Matratzen<\/figcaption><\/figure><\/a><\/div><div class=\"swiper-slide\" role=\"group\" aria-roledescription=\"slide\" aria-label=\"3 of 8\"><a data-elementor-open-lightbox=\"yes\" data-elementor-lightbox-slideshow=\"4dc19c2\" data-elementor-lightbox-title=\"Schlafbereich mit Fenster f\u00fcr gutes Schlaf Klima\" data-e-action-hash=\"#elementor-action%3Aaction%3Dlightbox%26settings%3DeyJpZCI6NzM1LCJ1cmwiOiJodHRwczpcL1wvMjAyMy5nYWVzdGVoYXVzLWtvZW5pZ3N0ZWluLmRlXC93cC1jb250ZW50XC91cGxvYWRzXC8yMDIzXC8wN1wvSU1HXzIwMjMwNjA1XzE2NDYxNC1zY2FsZWQuanBnIiwic2xpZGVzaG93IjoiNGRjMTljMiJ9\" href=\"https:\/\/2023.gaestehaus-koenigstein.de\/wp-content\/uploads\/2023\/07\/IMG_20230605_164614-scaled.jpg\"><figure class=\"swiper-slide-inner\"><img decoding=\"async\" class=\"swiper-slide-image\" src=\"https:\/\/2023.gaestehaus-koenigstein.de\/wp-content\/uploads\/2023\/07\/IMG_20230605_164614-225x300.jpg\" alt=\"App3_3\" \/><figcaption class=\"elementor-image-carousel-caption\">Schlafbereich mit Fenster f\u00fcr gutes Schlaf Klima<\/figcaption><\/figure><\/a><\/div><div class=\"swiper-slide\" role=\"group\" aria-roledescription=\"slide\" aria-label=\"4 of 8\"><a data-elementor-open-lightbox=\"yes\" data-elementor-lightbox-slideshow=\"4dc19c2\" data-elementor-lightbox-title=\"Ihr Wohnbereich mit Schlafsofa und gem\u00fctlichem Sessel\" data-e-action-hash=\"#elementor-action%3Aaction%3Dlightbox%26settings%3DeyJpZCI6NzMxLCJ1cmwiOiJodHRwczpcL1wvMjAyMy5nYWVzdGVoYXVzLWtvZW5pZ3N0ZWluLmRlXC93cC1jb250ZW50XC91cGxvYWRzXC8yMDIzXC8wN1wvOTliYjcxNjQtY2FhNC00YzE4LWJhM2UtYTAzNDA5NmY3YzdkLmpwZyIsInNsaWRlc2hvdyI6IjRkYzE5YzIifQ%3D%3D\" href=\"https:\/\/2023.gaestehaus-koenigstein.de\/wp-content\/uploads\/2023\/07\/99bb7164-caa4-4c18-ba3e-a034096f7c7d.jpg\"><figure class=\"swiper-slide-inner\"><img decoding=\"async\" class=\"swiper-slide-image\" src=\"https:\/\/2023.gaestehaus-koenigstein.de\/wp-content\/uploads\/2023\/07\/99bb7164-caa4-4c18-ba3e-a034096f7c7d.jpg\" alt=\"App3_4\" \/><figcaption class=\"elementor-image-carousel-caption\">Ihr Wohnbereich mit Schlafsofa und gem\u00fctlichem Sessel<\/figcaption><\/figure><\/a><\/div><div class=\"swiper-slide\" role=\"group\" aria-roledescription=\"slide\" aria-label=\"5 of 8\"><a data-elementor-open-lightbox=\"yes\" data-elementor-lightbox-slideshow=\"4dc19c2\" data-elementor-lightbox-title=\"Wohnbereich mit Satelitenfernseher\" data-e-action-hash=\"#elementor-action%3Aaction%3Dlightbox%26settings%3DeyJpZCI6NzMyLCJ1cmwiOiJodHRwczpcL1wvMjAyMy5nYWVzdGVoYXVzLWtvZW5pZ3N0ZWluLmRlXC93cC1jb250ZW50XC91cGxvYWRzXC8yMDIzXC8wN1wvMTA5MDAyOWMtYzBhNi00YjJhLWJmNzctMzM3MWZiYjA2OWJhLmpwZyIsInNsaWRlc2hvdyI6IjRkYzE5YzIifQ%3D%3D\" href=\"https:\/\/2023.gaestehaus-koenigstein.de\/wp-content\/uploads\/2023\/07\/1090029c-c0a6-4b2a-bf77-3371fbb069ba.jpg\"><figure class=\"swiper-slide-inner\"><img decoding=\"async\" class=\"swiper-slide-image\" src=\"https:\/\/2023.gaestehaus-koenigstein.de\/wp-content\/uploads\/2023\/07\/1090029c-c0a6-4b2a-bf77-3371fbb069ba.jpg\" alt=\"App3_5\" \/><figcaption class=\"elementor-image-carousel-caption\">Wohnbereich mit Satelitenfernseher<\/figcaption><\/figure><\/a><\/div><div class=\"swiper-slide\" role=\"group\" aria-roledescription=\"slide\" aria-label=\"6 of 8\"><a data-elementor-open-lightbox=\"yes\" data-elementor-lightbox-slideshow=\"4dc19c2\" data-elementor-lightbox-title=\"Ihre voll ausgestattete Wohnk\u00fcche\" data-e-action-hash=\"#elementor-action%3Aaction%3Dlightbox%26settings%3DeyJpZCI6NzMzLCJ1cmwiOiJodHRwczpcL1wvMjAyMy5nYWVzdGVoYXVzLWtvZW5pZ3N0ZWluLmRlXC93cC1jb250ZW50XC91cGxvYWRzXC8yMDIzXC8wN1wvSU1HXzIwMjMwNDAxXzE4MDAwNjItc2NhbGVkLmpwZyIsInNsaWRlc2hvdyI6IjRkYzE5YzIifQ%3D%3D\" href=\"https:\/\/2023.gaestehaus-koenigstein.de\/wp-content\/uploads\/2023\/07\/IMG_20230401_1800062-scaled.jpg\"><figure class=\"swiper-slide-inner\"><img decoding=\"async\" class=\"swiper-slide-image\" src=\"https:\/\/2023.gaestehaus-koenigstein.de\/wp-content\/uploads\/2023\/07\/IMG_20230401_1800062-225x300.jpg\" alt=\"App3_6\" \/><figcaption class=\"elementor-image-carousel-caption\">Ihre voll ausgestattete Wohnk\u00fcche<\/figcaption><\/figure><\/a><\/div><div class=\"swiper-slide\" role=\"group\" aria-roledescription=\"slide\" aria-label=\"7 of 8\"><a data-elementor-open-lightbox=\"yes\" data-elementor-lightbox-slideshow=\"4dc19c2\" data-elementor-lightbox-title=\"Kleines Tageslichtbad mit Dusche\" data-e-action-hash=\"#elementor-action%3Aaction%3Dlightbox%26settings%3DeyJpZCI6NzM0LCJ1cmwiOiJodHRwczpcL1wvMjAyMy5nYWVzdGVoYXVzLWtvZW5pZ3N0ZWluLmRlXC93cC1jb250ZW50XC91cGxvYWRzXC8yMDIzXC8wN1wvSU1HXzIwMjMwNjA1XzE2NTA0Mi1zY2FsZWQuanBnIiwic2xpZGVzaG93IjoiNGRjMTljMiJ9\" href=\"https:\/\/2023.gaestehaus-koenigstein.de\/wp-content\/uploads\/2023\/07\/IMG_20230605_165042-scaled.jpg\"><figure class=\"swiper-slide-inner\"><img decoding=\"async\" class=\"swiper-slide-image\" src=\"https:\/\/2023.gaestehaus-koenigstein.de\/wp-content\/uploads\/2023\/07\/IMG_20230605_165042-225x300.jpg\" alt=\"App3_7\" \/><figcaption class=\"elementor-image-carousel-caption\">Kleines Tageslichtbad mit Dusche<\/figcaption><\/figure><\/a><\/div><div class=\"swiper-slide\" role=\"group\" aria-roledescription=\"slide\" aria-label=\"8 of 8\"><a data-elementor-open-lightbox=\"yes\" data-elementor-lightbox-slideshow=\"4dc19c2\" data-elementor-lightbox-title=\"Die gemeinschaftliche G\u00e4steterrasse\" data-e-action-hash=\"#elementor-action%3Aaction%3Dlightbox%26settings%3DeyJpZCI6NjMzLCJ1cmwiOiJodHRwczpcL1wvMjAyMy5nYWVzdGVoYXVzLWtvZW5pZ3N0ZWluLmRlXC93cC1jb250ZW50XC91cGxvYWRzXC8yMDIzXC8wN1wvSU1HXzIwMjMwNTI5XzA5NDYxNjItc2NhbGVkLmpwZyIsInNsaWRlc2hvdyI6IjRkYzE5YzIifQ%3D%3D\" href=\"https:\/\/2023.gaestehaus-koenigstein.de\/wp-content\/uploads\/2023\/07\/IMG_20230529_0946162-scaled.jpg\"><figure class=\"swiper-slide-inner\"><img decoding=\"async\" class=\"swiper-slide-image\" src=\"https:\/\/2023.gaestehaus-koenigstein.de\/wp-content\/uploads\/2023\/07\/IMG_20230529_0946162-225x300.jpg\" alt=\"Terasse\" \/><figcaption class=\"elementor-image-carousel-caption\">Die gemeinschaftliche G\u00e4steterrasse<\/figcaption><\/figure><\/a><\/div>\t\t\t<\/div>\n\t\t\t\t\t\t\t\t\t\t\t\t<div class=\"elementor-swiper-button elementor-swiper-button-prev\" role=\"button\" tabindex=\"0\">\n\t\t\t\t\t\t<i aria-hidden=\"true\" class=\"eicon-chevron-left\"><\/i>\t\t\t\t\t<\/div>\n\t\t\t\t\t<div class=\"elementor-swiper-button elementor-swiper-button-next\" role=\"button\" tabindex=\"0\">\n\t\t\t\t\t\t<i aria-hidden=\"true\" class=\"eicon-chevron-right\"><\/i>\t\t\t\t\t<\/div>\n\t\t\t\t\n\t\t\t\t\t\t\t\t\t<div class=\"swiper-pagination\"><\/div>\n\t\t\t\t\t\t\t\t\t<\/div>\n\t\t\t\t<\/div>\n\t\t\t\t<\/div>\n\t\t\t\t\t<\/div>\n\t\t<\/div>\n\t\t\t\t\t\t\t<\/div>\n\t\t<\/section>\n\t\t\t\t\t\t\t<\/div>\n\t\t","protected":false},"excerpt":{"rendered":"<p>Gem\u00fctliche Altstadtwohnung mit Flair.Helle Unterkunft mit urigem Hinterhof Blick aus einem der Fenster. Ger\u00e4umige K\u00fcche, Wohnbereich mit Schlafsofa, Tageslichtbad mit Dusche.Die Wohnung befindet sich im 1.OG.Im Erdgeschoss befindet sich die Gemeinschaftsterrasse mit einem grossen Tisch. Ein wunderbarer Platz zum fr\u00fchst\u00fccken oder lesen. Sonne gibt es dort bis ca. 13 Uhr, danach ein herrlich schattiger Platz [&hellip;]<\/p>\n","protected":false},"author":1,"featured_media":0,"parent":0,"menu_order":0,"comment_status":"closed","ping_status":"closed","template":"","meta":{"footnotes":""},"class_list":["post-723","page","type-page","status-publish","hentry","entry"],"_links":{"self":[{"href":"https:\/\/2023.gaestehaus-koenigstein.de\/index.php?rest_route=\/wp\/v2\/pages\/723","targetHints":{"allow":["GET"]}}],"collection":[{"href":"https:\/\/2023.gaestehaus-koenigstein.de\/index.php?rest_route=\/wp\/v2\/pages"}],"about":[{"href":"https:\/\/2023.gaestehaus-koenigstein.de\/index.php?rest_route=\/wp\/v2\/types\/page"}],"author":[{"embeddable":true,"href":"https:\/\/2023.gaestehaus-koenigstein.de\/index.php?rest_route=\/wp\/v2\/users\/1"}],"replies":[{"embeddable":true,"href":"https:\/\/2023.gaestehaus-koenigstein.de\/index.php?rest_route=%2Fwp%2Fv2%2Fcomments&post=723"}],"version-history":[{"count":7,"href":"https:\/\/2023.gaestehaus-koenigstein.de\/index.php?rest_route=\/wp\/v2\/pages\/723\/revisions"}],"predecessor-version":[{"id":738,"href":"https:\/\/2023.gaestehaus-koenigstein.de\/index.php?rest_route=\/wp\/v2\/pages\/723\/revisions\/738"}],"wp:attachment":[{"href":"https:\/\/2023.gaestehaus-koenigstein.de\/index.php?rest_route=%2Fwp%2Fv2%2Fmedia&parent=723"}],"curies":[{"name":"wp","href":"https:\/\/api.w.org\/{rel}","templated":true}]}}