{"id":660,"date":"2023-07-09T10:09:29","date_gmt":"2023-07-09T10:09:29","guid":{"rendered":"https:\/\/2023.gaestehaus-koenigstein.de\/?page_id=660"},"modified":"2023-07-09T10:27:16","modified_gmt":"2023-07-09T10:27:16","slug":"appartment-2","status":"publish","type":"page","link":"https:\/\/2023.gaestehaus-koenigstein.de\/?page_id=660","title":{"rendered":"Appartment 2"},"content":{"rendered":"\t\t<div data-elementor-type=\"wp-page\" data-elementor-id=\"660\" class=\"elementor elementor-660\">\n\t\t\t\t\t\t\t\t\t<section class=\"elementor-section elementor-top-section elementor-element elementor-element-b34a384 elementor-section-boxed elementor-section-height-default elementor-section-height-default\" data-id=\"b34a384\" data-element_type=\"section\">\n\t\t\t\t\t\t<div class=\"elementor-container elementor-column-gap-default\">\n\t\t\t\t\t<div class=\"elementor-column elementor-col-100 elementor-top-column elementor-element elementor-element-c917efb\" data-id=\"c917efb\" data-element_type=\"column\">\n\t\t\t<div class=\"elementor-widget-wrap elementor-element-populated\">\n\t\t\t\t\t\t\t\t<div class=\"elementor-element elementor-element-8717830 elementor-widget elementor-widget-text-editor\" data-id=\"8717830\" data-element_type=\"widget\" data-widget_type=\"text-editor.default\">\n\t\t\t\t<div class=\"elementor-widget-container\">\n\t\t\t<style>\/*! elementor - v3.14.0 - 26-06-2023 *\/\n.elementor-widget-text-editor.elementor-drop-cap-view-stacked .elementor-drop-cap{background-color:#69727d;color:#fff}.elementor-widget-text-editor.elementor-drop-cap-view-framed .elementor-drop-cap{color:#69727d;border:3px solid;background-color:transparent}.elementor-widget-text-editor:not(.elementor-drop-cap-view-default) .elementor-drop-cap{margin-top:8px}.elementor-widget-text-editor:not(.elementor-drop-cap-view-default) .elementor-drop-cap-letter{width:1em;height:1em}.elementor-widget-text-editor .elementor-drop-cap{float:left;text-align:center;line-height:1;font-size:50px}.elementor-widget-text-editor .elementor-drop-cap-letter{display:inline-block}<\/style>\t\t\t\t<p>Mitten in der K\u00f6nigsteiner Altstadt am Fu\u00dfe der Burg im historischen Ortskern und zentral zu allen Gesch\u00e4ften und Spazierwegen liegt diese Wohnung. <br \/>Leider muss man drei Treppen in den Flur \u00fcberwinden, sonst w\u00e4re diese Wohnung barrierefrei.<\/p>\t\t\t\t\t\t<\/div>\n\t\t\t\t<\/div>\n\t\t\t\t\t<\/div>\n\t\t<\/div>\n\t\t\t\t\t\t\t<\/div>\n\t\t<\/section>\n\t\t\t\t<section class=\"elementor-section elementor-top-section elementor-element elementor-element-87534c1 elementor-section-boxed elementor-section-height-default elementor-section-height-default\" data-id=\"87534c1\" data-element_type=\"section\">\n\t\t\t\t\t\t<div class=\"elementor-container elementor-column-gap-default\">\n\t\t\t\t\t<div class=\"elementor-column elementor-col-100 elementor-top-column elementor-element elementor-element-b2f0587\" data-id=\"b2f0587\" data-element_type=\"column\">\n\t\t\t<div class=\"elementor-widget-wrap elementor-element-populated\">\n\t\t\t\t\t\t\t\t<div class=\"elementor-element elementor-element-9c5c96a elementor-arrows-position-inside elementor-pagination-position-outside elementor-widget elementor-widget-image-carousel\" data-id=\"9c5c96a\" data-element_type=\"widget\" data-settings=\"{&quot;navigation&quot;:&quot;both&quot;,&quot;autoplay&quot;:&quot;yes&quot;,&quot;pause_on_hover&quot;:&quot;yes&quot;,&quot;pause_on_interaction&quot;:&quot;yes&quot;,&quot;autoplay_speed&quot;:5000,&quot;infinite&quot;:&quot;yes&quot;,&quot;speed&quot;:500}\" data-widget_type=\"image-carousel.default\">\n\t\t\t\t<div class=\"elementor-widget-container\">\n\t\t\t<style>\/*! elementor - v3.14.0 - 26-06-2023 *\/\n.elementor-widget-image-carousel .swiper,.elementor-widget-image-carousel .swiper-container{position:static}.elementor-widget-image-carousel .swiper-container .swiper-slide figure,.elementor-widget-image-carousel .swiper .swiper-slide figure{line-height:inherit}.elementor-widget-image-carousel .swiper-slide{text-align:center}.elementor-image-carousel-wrapper:not(.swiper-container-initialized):not(.swiper-initialized) .swiper-slide{max-width:calc(100% \/ var(--e-image-carousel-slides-to-show, 3))}<\/style>\t\t<div class=\"elementor-image-carousel-wrapper swiper\" dir=\"ltr\">\n\t\t\t<div class=\"elementor-image-carousel swiper-wrapper\" aria-live=\"off\">\n\t\t\t\t\t\t\t\t<div class=\"swiper-slide\" role=\"group\" aria-roledescription=\"slide\" aria-label=\"1 of 12\"><a data-elementor-open-lightbox=\"yes\" data-elementor-lightbox-slideshow=\"9c5c96a\" data-elementor-lightbox-title=\"Ihr King Size Bett f\u00fcr s\u00fcsse Tr\u00e4ume\" data-e-action-hash=\"#elementor-action%3Aaction%3Dlightbox%26settings%3DeyJpZCI6NjcyLCJ1cmwiOiJodHRwczpcL1wvMjAyMy5nYWVzdGVoYXVzLWtvZW5pZ3N0ZWluLmRlXC93cC1jb250ZW50XC91cGxvYWRzXC8yMDIzXC8wN1wvSU1HXzIwMjMwNjAyXzExNDQzNDItc2NhbGVkLmpwZyIsInNsaWRlc2hvdyI6IjljNWM5NmEifQ%3D%3D\" href=\"https:\/\/2023.gaestehaus-koenigstein.de\/wp-content\/uploads\/2023\/07\/IMG_20230602_1144342-scaled.jpg\"><figure class=\"swiper-slide-inner\"><img decoding=\"async\" class=\"swiper-slide-image\" src=\"https:\/\/2023.gaestehaus-koenigstein.de\/wp-content\/uploads\/2023\/07\/IMG_20230602_1144342-225x300.jpg\" alt=\"App2_1\" \/><figcaption class=\"elementor-image-carousel-caption\">Ihr King Size Bett f\u00fcr s\u00fcsse Tr\u00e4ume<\/figcaption><\/figure><\/a><\/div><div class=\"swiper-slide\" role=\"group\" aria-roledescription=\"slide\" aria-label=\"2 of 12\"><a data-elementor-open-lightbox=\"yes\" data-elementor-lightbox-slideshow=\"9c5c96a\" data-e-action-hash=\"#elementor-action%3Aaction%3Dlightbox%26settings%3DeyJpZCI6NjczLCJ1cmwiOiJodHRwczpcL1wvMjAyMy5nYWVzdGVoYXVzLWtvZW5pZ3N0ZWluLmRlXC93cC1jb250ZW50XC91cGxvYWRzXC8yMDIzXC8wN1wvSU1HXzIwMjMwNjAyXzExNDQ1MDItc2NhbGVkLmpwZyIsInNsaWRlc2hvdyI6IjljNWM5NmEifQ%3D%3D\" href=\"https:\/\/2023.gaestehaus-koenigstein.de\/wp-content\/uploads\/2023\/07\/IMG_20230602_1144502-scaled.jpg\"><figure class=\"swiper-slide-inner\"><img decoding=\"async\" class=\"swiper-slide-image\" src=\"https:\/\/2023.gaestehaus-koenigstein.de\/wp-content\/uploads\/2023\/07\/IMG_20230602_1144502-225x300.jpg\" alt=\"App2_2\" \/><\/figure><\/a><\/div><div class=\"swiper-slide\" role=\"group\" aria-roledescription=\"slide\" aria-label=\"3 of 12\"><a data-elementor-open-lightbox=\"yes\" data-elementor-lightbox-slideshow=\"9c5c96a\" data-e-action-hash=\"#elementor-action%3Aaction%3Dlightbox%26settings%3DeyJpZCI6Njc0LCJ1cmwiOiJodHRwczpcL1wvMjAyMy5nYWVzdGVoYXVzLWtvZW5pZ3N0ZWluLmRlXC93cC1jb250ZW50XC91cGxvYWRzXC8yMDIzXC8wN1wvSU1HXzIwMjMwNjAyXzExNDUwNS1zY2FsZWQuanBnIiwic2xpZGVzaG93IjoiOWM1Yzk2YSJ9\" href=\"https:\/\/2023.gaestehaus-koenigstein.de\/wp-content\/uploads\/2023\/07\/IMG_20230602_114505-scaled.jpg\"><figure class=\"swiper-slide-inner\"><img decoding=\"async\" class=\"swiper-slide-image\" src=\"https:\/\/2023.gaestehaus-koenigstein.de\/wp-content\/uploads\/2023\/07\/IMG_20230602_114505-225x300.jpg\" alt=\"App2_3\" \/><\/figure><\/a><\/div><div class=\"swiper-slide\" role=\"group\" aria-roledescription=\"slide\" aria-label=\"4 of 12\"><a data-elementor-open-lightbox=\"yes\" data-elementor-lightbox-slideshow=\"9c5c96a\" data-elementor-lightbox-title=\"Gemeinsamer Schlafbereich f\u00fcr Eltern und Kinder\" data-e-action-hash=\"#elementor-action%3Aaction%3Dlightbox%26settings%3DeyJpZCI6Njc1LCJ1cmwiOiJodHRwczpcL1wvMjAyMy5nYWVzdGVoYXVzLWtvZW5pZ3N0ZWluLmRlXC93cC1jb250ZW50XC91cGxvYWRzXC8yMDIzXC8wN1wvSU1HXzIwMjMwNjA2XzA4MjExNy1zY2FsZWQuanBnIiwic2xpZGVzaG93IjoiOWM1Yzk2YSJ9\" href=\"https:\/\/2023.gaestehaus-koenigstein.de\/wp-content\/uploads\/2023\/07\/IMG_20230606_082117-scaled.jpg\"><figure class=\"swiper-slide-inner\"><img decoding=\"async\" class=\"swiper-slide-image\" src=\"https:\/\/2023.gaestehaus-koenigstein.de\/wp-content\/uploads\/2023\/07\/IMG_20230606_082117-300x225.jpg\" alt=\"edf\" \/><figcaption class=\"elementor-image-carousel-caption\">Gemeinsamer Schlafbereich f\u00fcr Eltern und Kinder<\/figcaption><\/figure><\/a><\/div><div class=\"swiper-slide\" role=\"group\" aria-roledescription=\"slide\" aria-label=\"5 of 12\"><a data-elementor-open-lightbox=\"yes\" data-elementor-lightbox-slideshow=\"9c5c96a\" data-elementor-lightbox-title=\"Das komfortable Etagenbett\" data-e-action-hash=\"#elementor-action%3Aaction%3Dlightbox%26settings%3DeyJpZCI6Njc2LCJ1cmwiOiJodHRwczpcL1wvMjAyMy5nYWVzdGVoYXVzLWtvZW5pZ3N0ZWluLmRlXC93cC1jb250ZW50XC91cGxvYWRzXC8yMDIzXC8wN1wvSU1HXzIwMjMwNjAyXzExNDAzNS1zY2FsZWQuanBnIiwic2xpZGVzaG93IjoiOWM1Yzk2YSJ9\" href=\"https:\/\/2023.gaestehaus-koenigstein.de\/wp-content\/uploads\/2023\/07\/IMG_20230602_114035-scaled.jpg\"><figure class=\"swiper-slide-inner\"><img decoding=\"async\" class=\"swiper-slide-image\" src=\"https:\/\/2023.gaestehaus-koenigstein.de\/wp-content\/uploads\/2023\/07\/IMG_20230602_114035-225x300.jpg\" alt=\"App2_6\" \/><figcaption class=\"elementor-image-carousel-caption\">Das komfortable Etagenbett<\/figcaption><\/figure><\/a><\/div><div class=\"swiper-slide\" role=\"group\" aria-roledescription=\"slide\" aria-label=\"6 of 12\"><a data-elementor-open-lightbox=\"yes\" data-elementor-lightbox-slideshow=\"9c5c96a\" data-elementor-lightbox-title=\"Gen\u00fcgend Platz f\u00fcr Schuhe und Garderobe\" data-e-action-hash=\"#elementor-action%3Aaction%3Dlightbox%26settings%3DeyJpZCI6Njc3LCJ1cmwiOiJodHRwczpcL1wvMjAyMy5nYWVzdGVoYXVzLWtvZW5pZ3N0ZWluLmRlXC93cC1jb250ZW50XC91cGxvYWRzXC8yMDIzXC8wN1wvSU1HXzIwMjMwNjA1XzIyMTYzMC5qcGciLCJzbGlkZXNob3ciOiI5YzVjOTZhIn0%3D\" href=\"https:\/\/2023.gaestehaus-koenigstein.de\/wp-content\/uploads\/2023\/07\/IMG_20230605_221630.jpg\"><figure class=\"swiper-slide-inner\"><img decoding=\"async\" class=\"swiper-slide-image\" src=\"https:\/\/2023.gaestehaus-koenigstein.de\/wp-content\/uploads\/2023\/07\/IMG_20230605_221630-225x300.jpg\" alt=\"dav\" \/><figcaption class=\"elementor-image-carousel-caption\">Gen\u00fcgend Platz f\u00fcr Schuhe und Garderobe<\/figcaption><\/figure><\/a><\/div><div class=\"swiper-slide\" role=\"group\" aria-roledescription=\"slide\" aria-label=\"7 of 12\"><a data-elementor-open-lightbox=\"yes\" data-elementor-lightbox-slideshow=\"9c5c96a\" data-elementor-lightbox-title=\"Ihre voll asugestattete K\u00fcchenzeile mit Doppelherdplatte, Mikrowelle mit Backofen und Kaffeepadmaschine\" data-e-action-hash=\"#elementor-action%3Aaction%3Dlightbox%26settings%3DeyJpZCI6Njc4LCJ1cmwiOiJodHRwczpcL1wvMjAyMy5nYWVzdGVoYXVzLWtvZW5pZ3N0ZWluLmRlXC93cC1jb250ZW50XC91cGxvYWRzXC8yMDIzXC8wN1wvSU1HXzIwMjMwNjA1XzIyMTUwNC5qcGciLCJzbGlkZXNob3ciOiI5YzVjOTZhIn0%3D\" href=\"https:\/\/2023.gaestehaus-koenigstein.de\/wp-content\/uploads\/2023\/07\/IMG_20230605_221504.jpg\"><figure class=\"swiper-slide-inner\"><img decoding=\"async\" class=\"swiper-slide-image\" src=\"https:\/\/2023.gaestehaus-koenigstein.de\/wp-content\/uploads\/2023\/07\/IMG_20230605_221504-225x300.jpg\" alt=\"dav\" \/><figcaption class=\"elementor-image-carousel-caption\">Ihre voll asugestattete K\u00fcchenzeile mit Doppelherdplatte, Mikrowelle mit Backofen und Kaffeepadmaschine<\/figcaption><\/figure><\/a><\/div><div class=\"swiper-slide\" role=\"group\" aria-roledescription=\"slide\" aria-label=\"8 of 12\"><a data-elementor-open-lightbox=\"yes\" data-elementor-lightbox-slideshow=\"9c5c96a\" data-elementor-lightbox-title=\"Kleiderschrank f\u00fcr Ihre Reisegarderobe\" data-e-action-hash=\"#elementor-action%3Aaction%3Dlightbox%26settings%3DeyJpZCI6Njc5LCJ1cmwiOiJodHRwczpcL1wvMjAyMy5nYWVzdGVoYXVzLWtvZW5pZ3N0ZWluLmRlXC93cC1jb250ZW50XC91cGxvYWRzXC8yMDIzXC8wN1wvSU1HXzIwMjMwNjAyXzExNTEwMy1zY2FsZWQuanBnIiwic2xpZGVzaG93IjoiOWM1Yzk2YSJ9\" href=\"https:\/\/2023.gaestehaus-koenigstein.de\/wp-content\/uploads\/2023\/07\/IMG_20230602_115103-scaled.jpg\"><figure class=\"swiper-slide-inner\"><img decoding=\"async\" class=\"swiper-slide-image\" src=\"https:\/\/2023.gaestehaus-koenigstein.de\/wp-content\/uploads\/2023\/07\/IMG_20230602_115103-225x300.jpg\" alt=\"App2_10\" \/><figcaption class=\"elementor-image-carousel-caption\">Kleiderschrank f\u00fcr Ihre Reisegarderobe<\/figcaption><\/figure><\/a><\/div><div class=\"swiper-slide\" role=\"group\" aria-roledescription=\"slide\" aria-label=\"9 of 12\"><a data-elementor-open-lightbox=\"yes\" data-elementor-lightbox-slideshow=\"9c5c96a\" data-elementor-lightbox-title=\"Ein gem\u00fctlicher Esstisch f\u00fcr gemeinsame Mahlzeiten\" data-e-action-hash=\"#elementor-action%3Aaction%3Dlightbox%26settings%3DeyJpZCI6NjgwLCJ1cmwiOiJodHRwczpcL1wvMjAyMy5nYWVzdGVoYXVzLWtvZW5pZ3N0ZWluLmRlXC93cC1jb250ZW50XC91cGxvYWRzXC8yMDIzXC8wN1wvSU1HXzIwMjMwNjAyXzExNTA1MjItc2NhbGVkLmpwZyIsInNsaWRlc2hvdyI6IjljNWM5NmEifQ%3D%3D\" href=\"https:\/\/2023.gaestehaus-koenigstein.de\/wp-content\/uploads\/2023\/07\/IMG_20230602_1150522-scaled.jpg\"><figure class=\"swiper-slide-inner\"><img decoding=\"async\" class=\"swiper-slide-image\" src=\"https:\/\/2023.gaestehaus-koenigstein.de\/wp-content\/uploads\/2023\/07\/IMG_20230602_1150522-225x300.jpg\" alt=\"App2_11\" \/><figcaption class=\"elementor-image-carousel-caption\">Ein gem\u00fctlicher Esstisch f\u00fcr gemeinsame Mahlzeiten<\/figcaption><\/figure><\/a><\/div><div class=\"swiper-slide\" role=\"group\" aria-roledescription=\"slide\" aria-label=\"10 of 12\"><a data-elementor-open-lightbox=\"yes\" data-elementor-lightbox-slideshow=\"9c5c96a\" data-elementor-lightbox-title=\"Ihr Wohlf\u00fchlbad mit gro\u00dfem Waschbecken\" data-e-action-hash=\"#elementor-action%3Aaction%3Dlightbox%26settings%3DeyJpZCI6NjgxLCJ1cmwiOiJodHRwczpcL1wvMjAyMy5nYWVzdGVoYXVzLWtvZW5pZ3N0ZWluLmRlXC93cC1jb250ZW50XC91cGxvYWRzXC8yMDIzXC8wN1wvSU1HXzIwMjMwNjAyXzExNTYwODItc2NhbGVkLmpwZyIsInNsaWRlc2hvdyI6IjljNWM5NmEifQ%3D%3D\" href=\"https:\/\/2023.gaestehaus-koenigstein.de\/wp-content\/uploads\/2023\/07\/IMG_20230602_1156082-scaled.jpg\"><figure class=\"swiper-slide-inner\"><img decoding=\"async\" class=\"swiper-slide-image\" src=\"https:\/\/2023.gaestehaus-koenigstein.de\/wp-content\/uploads\/2023\/07\/IMG_20230602_1156082-225x300.jpg\" alt=\"App2_12\" \/><figcaption class=\"elementor-image-carousel-caption\">Ihr Wohlf\u00fchlbad mit gro\u00dfem Waschbecken<\/figcaption><\/figure><\/a><\/div><div class=\"swiper-slide\" role=\"group\" aria-roledescription=\"slide\" aria-label=\"11 of 12\"><a data-elementor-open-lightbox=\"yes\" data-elementor-lightbox-slideshow=\"9c5c96a\" data-elementor-lightbox-title=\"Ihre komfortable Runddusche\" data-e-action-hash=\"#elementor-action%3Aaction%3Dlightbox%26settings%3DeyJpZCI6NjgyLCJ1cmwiOiJodHRwczpcL1wvMjAyMy5nYWVzdGVoYXVzLWtvZW5pZ3N0ZWluLmRlXC93cC1jb250ZW50XC91cGxvYWRzXC8yMDIzXC8wN1wvSU1HXzIwMjMwNjAyXzExNTUzOS1zY2FsZWQuanBnIiwic2xpZGVzaG93IjoiOWM1Yzk2YSJ9\" href=\"https:\/\/2023.gaestehaus-koenigstein.de\/wp-content\/uploads\/2023\/07\/IMG_20230602_115539-scaled.jpg\"><figure class=\"swiper-slide-inner\"><img decoding=\"async\" class=\"swiper-slide-image\" src=\"https:\/\/2023.gaestehaus-koenigstein.de\/wp-content\/uploads\/2023\/07\/IMG_20230602_115539-225x300.jpg\" alt=\"App2_13\" \/><figcaption class=\"elementor-image-carousel-caption\">Ihre komfortable Runddusche<\/figcaption><\/figure><\/a><\/div><div class=\"swiper-slide\" role=\"group\" aria-roledescription=\"slide\" aria-label=\"12 of 12\"><a data-elementor-open-lightbox=\"yes\" data-elementor-lightbox-slideshow=\"9c5c96a\" data-elementor-lightbox-title=\"Die gemeinschaftliche G\u00e4steterrasse\" data-e-action-hash=\"#elementor-action%3Aaction%3Dlightbox%26settings%3DeyJpZCI6NjMzLCJ1cmwiOiJodHRwczpcL1wvMjAyMy5nYWVzdGVoYXVzLWtvZW5pZ3N0ZWluLmRlXC93cC1jb250ZW50XC91cGxvYWRzXC8yMDIzXC8wN1wvSU1HXzIwMjMwNTI5XzA5NDYxNjItc2NhbGVkLmpwZyIsInNsaWRlc2hvdyI6IjljNWM5NmEifQ%3D%3D\" href=\"https:\/\/2023.gaestehaus-koenigstein.de\/wp-content\/uploads\/2023\/07\/IMG_20230529_0946162-scaled.jpg\"><figure class=\"swiper-slide-inner\"><img decoding=\"async\" class=\"swiper-slide-image\" src=\"https:\/\/2023.gaestehaus-koenigstein.de\/wp-content\/uploads\/2023\/07\/IMG_20230529_0946162-225x300.jpg\" alt=\"Terasse\" \/><figcaption class=\"elementor-image-carousel-caption\">Die gemeinschaftliche G\u00e4steterrasse<\/figcaption><\/figure><\/a><\/div>\t\t\t<\/div>\n\t\t\t\t\t\t\t\t\t\t\t\t<div class=\"elementor-swiper-button elementor-swiper-button-prev\" role=\"button\" tabindex=\"0\">\n\t\t\t\t\t\t<i aria-hidden=\"true\" class=\"eicon-chevron-left\"><\/i>\t\t\t\t\t<\/div>\n\t\t\t\t\t<div class=\"elementor-swiper-button elementor-swiper-button-next\" role=\"button\" tabindex=\"0\">\n\t\t\t\t\t\t<i aria-hidden=\"true\" class=\"eicon-chevron-right\"><\/i>\t\t\t\t\t<\/div>\n\t\t\t\t\n\t\t\t\t\t\t\t\t\t<div class=\"swiper-pagination\"><\/div>\n\t\t\t\t\t\t\t\t\t<\/div>\n\t\t\t\t<\/div>\n\t\t\t\t<\/div>\n\t\t\t\t\t<\/div>\n\t\t<\/div>\n\t\t\t\t\t\t\t<\/div>\n\t\t<\/section>\n\t\t\t\t\t\t\t<\/div>\n\t\t","protected":false},"excerpt":{"rendered":"<p>Mitten in der K\u00f6nigsteiner Altstadt am Fu\u00dfe der Burg im historischen Ortskern und zentral zu allen Gesch\u00e4ften und Spazierwegen liegt diese Wohnung. Leider muss man drei Treppen in den Flur \u00fcberwinden, sonst w\u00e4re diese Wohnung barrierefrei. Ihr King Size Bett f\u00fcr s\u00fcsse Tr\u00e4ume Gemeinsamer Schlafbereich f\u00fcr Eltern und Kinder Das komfortable Etagenbett Gen\u00fcgend Platz f\u00fcr [&hellip;]<\/p>\n","protected":false},"author":1,"featured_media":0,"parent":0,"menu_order":0,"comment_status":"closed","ping_status":"closed","template":"","meta":{"footnotes":""},"class_list":["post-660","page","type-page","status-publish","hentry","entry"],"_links":{"self":[{"href":"https:\/\/2023.gaestehaus-koenigstein.de\/index.php?rest_route=\/wp\/v2\/pages\/660","targetHints":{"allow":["GET"]}}],"collection":[{"href":"https:\/\/2023.gaestehaus-koenigstein.de\/index.php?rest_route=\/wp\/v2\/pages"}],"about":[{"href":"https:\/\/2023.gaestehaus-koenigstein.de\/index.php?rest_route=\/wp\/v2\/types\/page"}],"author":[{"embeddable":true,"href":"https:\/\/2023.gaestehaus-koenigstein.de\/index.php?rest_route=\/wp\/v2\/users\/1"}],"replies":[{"embeddable":true,"href":"https:\/\/2023.gaestehaus-koenigstein.de\/index.php?rest_route=%2Fwp%2Fv2%2Fcomments&post=660"}],"version-history":[{"count":13,"href":"https:\/\/2023.gaestehaus-koenigstein.de\/index.php?rest_route=\/wp\/v2\/pages\/660\/revisions"}],"predecessor-version":[{"id":685,"href":"https:\/\/2023.gaestehaus-koenigstein.de\/index.php?rest_route=\/wp\/v2\/pages\/660\/revisions\/685"}],"wp:attachment":[{"href":"https:\/\/2023.gaestehaus-koenigstein.de\/index.php?rest_route=%2Fwp%2Fv2%2Fmedia&parent=660"}],"curies":[{"name":"wp","href":"https:\/\/api.w.org\/{rel}","templated":true}]}}