{"id":418,"date":"2023-06-25T15:04:17","date_gmt":"2023-06-25T15:04:17","guid":{"rendered":"https:\/\/2023.gaestehaus-koenigstein.de\/?page_id=418"},"modified":"2023-07-17T15:30:33","modified_gmt":"2023-07-17T15:30:33","slug":"preise","status":"publish","type":"page","link":"https:\/\/2023.gaestehaus-koenigstein.de\/?page_id=418","title":{"rendered":"Preise"},"content":{"rendered":"\t\t<div data-elementor-type=\"wp-page\" data-elementor-id=\"418\" class=\"elementor elementor-418\">\n\t\t\t\t\t\t\t\t\t<section class=\"elementor-section elementor-top-section elementor-element elementor-element-e02934c elementor-section-boxed elementor-section-height-default elementor-section-height-default\" data-id=\"e02934c\" data-element_type=\"section\">\n\t\t\t\t\t\t<div class=\"elementor-container elementor-column-gap-default\">\n\t\t\t\t\t<div class=\"elementor-column elementor-col-100 elementor-top-column elementor-element elementor-element-35c174d\" data-id=\"35c174d\" data-element_type=\"column\">\n\t\t\t<div class=\"elementor-widget-wrap elementor-element-populated\">\n\t\t\t\t\t\t\t\t<div class=\"elementor-element elementor-element-d27511a elementor-widget elementor-widget-heading\" data-id=\"d27511a\" data-element_type=\"widget\" data-widget_type=\"heading.default\">\n\t\t\t\t<div class=\"elementor-widget-container\">\n\t\t\t<style>\/*! elementor - v3.14.0 - 26-06-2023 *\/\n.elementor-heading-title{padding:0;margin:0;line-height:1}.elementor-widget-heading .elementor-heading-title[class*=elementor-size-]>a{color:inherit;font-size:inherit;line-height:inherit}.elementor-widget-heading .elementor-heading-title.elementor-size-small{font-size:15px}.elementor-widget-heading .elementor-heading-title.elementor-size-medium{font-size:19px}.elementor-widget-heading .elementor-heading-title.elementor-size-large{font-size:29px}.elementor-widget-heading .elementor-heading-title.elementor-size-xl{font-size:39px}.elementor-widget-heading .elementor-heading-title.elementor-size-xxl{font-size:59px}<\/style><h2 class=\"elementor-heading-title elementor-size-default\">G\u00e4stezimmer<\/h2>\t\t<\/div>\n\t\t\t\t<\/div>\n\t\t\t\t<div class=\"elementor-element elementor-element-e9ec3ae elementor-widget elementor-widget-text-editor\" data-id=\"e9ec3ae\" data-element_type=\"widget\" data-widget_type=\"text-editor.default\">\n\t\t\t\t<div class=\"elementor-widget-container\">\n\t\t\t<style>\/*! elementor - v3.14.0 - 26-06-2023 *\/\n.elementor-widget-text-editor.elementor-drop-cap-view-stacked .elementor-drop-cap{background-color:#69727d;color:#fff}.elementor-widget-text-editor.elementor-drop-cap-view-framed .elementor-drop-cap{color:#69727d;border:3px solid;background-color:transparent}.elementor-widget-text-editor:not(.elementor-drop-cap-view-default) .elementor-drop-cap{margin-top:8px}.elementor-widget-text-editor:not(.elementor-drop-cap-view-default) .elementor-drop-cap-letter{width:1em;height:1em}.elementor-widget-text-editor .elementor-drop-cap{float:left;text-align:center;line-height:1;font-size:50px}.elementor-widget-text-editor .elementor-drop-cap-letter{display:inline-block}<\/style>\t\t\t\t<p>Das G\u00e4stezimmer verf\u00fcgt \u00fcber ein eigenes Tageslichtbad mit Fenster und Dusche, einen Schreibtisch, WLAN und Satellitenfernseher.<\/p>\t\t\t\t\t\t<\/div>\n\t\t\t\t<\/div>\n\t\t\t\t\t<\/div>\n\t\t<\/div>\n\t\t\t\t\t\t\t<\/div>\n\t\t<\/section>\n\t\t\t\t<section class=\"elementor-section elementor-top-section elementor-element elementor-element-d59a141 elementor-section-boxed elementor-section-height-default elementor-section-height-default\" data-id=\"d59a141\" data-element_type=\"section\">\n\t\t\t\t\t\t<div class=\"elementor-container elementor-column-gap-default\">\n\t\t\t\t\t<div class=\"elementor-column elementor-col-100 elementor-top-column elementor-element elementor-element-5bfa863\" data-id=\"5bfa863\" data-element_type=\"column\">\n\t\t\t<div class=\"elementor-widget-wrap elementor-element-populated\">\n\t\t\t\t\t\t\t\t<div class=\"elementor-element elementor-element-bb7f98b elementor-widget elementor-widget-html\" data-id=\"bb7f98b\" data-element_type=\"widget\" data-widget_type=\"html.default\">\n\t\t\t\t<div class=\"elementor-widget-container\">\n\t\t\t<table style=\"width: 80%\">\n\t<tr>\n\t\t<td>Einzelbelegung erste Nacht:<\/td>\n\t\t<td>\u20ac 90,-<\/td>\n\t<\/tr>\n\t<tr>\n\t\t<td>Einzelbelegung Folgen\u00e4chte:<\/td>\n\t\t<td>\u20ac 80,-<\/td>\n\t<\/tr>\n\t<tr>\n\t\t<td>&nbsp;<\/td>\n\t\t<td>&nbsp;<\/td>\n\t<\/tr>\n\t<tr>\n\t\t<td>Doppelbelegung erste Nacht:<\/td>\n\t\t<td>\u20ac 95,-<\/td>\n\t<\/tr>\n\t<tr>\n\t\t<td>Doppelbelegung Folgen\u00e4chte:<\/td>\n\t\t<td>\u20ac 85,-<\/td>\n\t<\/tr>\n\t<\/table>\n\t\t<\/div>\n\t\t\t\t<\/div>\n\t\t\t\t<div class=\"elementor-element elementor-element-76ca84d elementor-widget elementor-widget-text-editor\" data-id=\"76ca84d\" data-element_type=\"widget\" data-widget_type=\"text-editor.default\">\n\t\t\t\t<div class=\"elementor-widget-container\">\n\t\t\t\t\t\t\t<p>Kleine Hunde sind auf Anfrage willkommen und werden mit 5 Euro pro Tag berechnet.<\/p><p>Check in am Anreisetag ab 14:00 Uhr<br \/>Check out am Abreisetag bis 10:00 Uhr<\/p>\t\t\t\t\t\t<\/div>\n\t\t\t\t<\/div>\n\t\t\t\t<div class=\"elementor-element elementor-element-093fc37 elementor-widget-divider--view-line elementor-widget elementor-widget-divider\" data-id=\"093fc37\" data-element_type=\"widget\" data-widget_type=\"divider.default\">\n\t\t\t\t<div class=\"elementor-widget-container\">\n\t\t\t<style>\/*! elementor - v3.14.0 - 26-06-2023 *\/\n.elementor-widget-divider{--divider-border-style:none;--divider-border-width:1px;--divider-color:#0c0d0e;--divider-icon-size:20px;--divider-element-spacing:10px;--divider-pattern-height:24px;--divider-pattern-size:20px;--divider-pattern-url:none;--divider-pattern-repeat:repeat-x}.elementor-widget-divider .elementor-divider{display:flex}.elementor-widget-divider .elementor-divider__text{font-size:15px;line-height:1;max-width:95%}.elementor-widget-divider .elementor-divider__element{margin:0 var(--divider-element-spacing);flex-shrink:0}.elementor-widget-divider .elementor-icon{font-size:var(--divider-icon-size)}.elementor-widget-divider .elementor-divider-separator{display:flex;margin:0;direction:ltr}.elementor-widget-divider--view-line_icon .elementor-divider-separator,.elementor-widget-divider--view-line_text .elementor-divider-separator{align-items:center}.elementor-widget-divider--view-line_icon .elementor-divider-separator:after,.elementor-widget-divider--view-line_icon .elementor-divider-separator:before,.elementor-widget-divider--view-line_text .elementor-divider-separator:after,.elementor-widget-divider--view-line_text .elementor-divider-separator:before{display:block;content:\"\";border-bottom:0;flex-grow:1;border-top:var(--divider-border-width) var(--divider-border-style) var(--divider-color)}.elementor-widget-divider--element-align-left .elementor-divider .elementor-divider-separator>.elementor-divider__svg:first-of-type{flex-grow:0;flex-shrink:100}.elementor-widget-divider--element-align-left .elementor-divider-separator:before{content:none}.elementor-widget-divider--element-align-left .elementor-divider__element{margin-left:0}.elementor-widget-divider--element-align-right .elementor-divider .elementor-divider-separator>.elementor-divider__svg:last-of-type{flex-grow:0;flex-shrink:100}.elementor-widget-divider--element-align-right .elementor-divider-separator:after{content:none}.elementor-widget-divider--element-align-right .elementor-divider__element{margin-right:0}.elementor-widget-divider:not(.elementor-widget-divider--view-line_text):not(.elementor-widget-divider--view-line_icon) .elementor-divider-separator{border-top:var(--divider-border-width) var(--divider-border-style) var(--divider-color)}.elementor-widget-divider--separator-type-pattern{--divider-border-style:none}.elementor-widget-divider--separator-type-pattern.elementor-widget-divider--view-line .elementor-divider-separator,.elementor-widget-divider--separator-type-pattern:not(.elementor-widget-divider--view-line) .elementor-divider-separator:after,.elementor-widget-divider--separator-type-pattern:not(.elementor-widget-divider--view-line) .elementor-divider-separator:before,.elementor-widget-divider--separator-type-pattern:not([class*=elementor-widget-divider--view]) .elementor-divider-separator{width:100%;min-height:var(--divider-pattern-height);-webkit-mask-size:var(--divider-pattern-size) 100%;mask-size:var(--divider-pattern-size) 100%;-webkit-mask-repeat:var(--divider-pattern-repeat);mask-repeat:var(--divider-pattern-repeat);background-color:var(--divider-color);-webkit-mask-image:var(--divider-pattern-url);mask-image:var(--divider-pattern-url)}.elementor-widget-divider--no-spacing{--divider-pattern-size:auto}.elementor-widget-divider--bg-round{--divider-pattern-repeat:round}.rtl .elementor-widget-divider .elementor-divider__text{direction:rtl}.e-con-inner>.elementor-widget-divider,.e-con>.elementor-widget-divider{width:var(--container-widget-width,100%);--flex-grow:var(--container-widget-flex-grow)}<\/style>\t\t<div class=\"elementor-divider\">\n\t\t\t<span class=\"elementor-divider-separator\">\n\t\t\t\t\t\t<\/span>\n\t\t<\/div>\n\t\t\t\t<\/div>\n\t\t\t\t<\/div>\n\t\t\t\t\t<\/div>\n\t\t<\/div>\n\t\t\t\t\t\t\t<\/div>\n\t\t<\/section>\n\t\t\t\t<section class=\"elementor-section elementor-top-section elementor-element elementor-element-87cdb97 elementor-section-boxed elementor-section-height-default elementor-section-height-default\" data-id=\"87cdb97\" data-element_type=\"section\">\n\t\t\t\t\t\t<div class=\"elementor-container elementor-column-gap-default\">\n\t\t\t\t\t<div class=\"elementor-column elementor-col-100 elementor-top-column elementor-element elementor-element-3237d9a\" data-id=\"3237d9a\" data-element_type=\"column\">\n\t\t\t<div class=\"elementor-widget-wrap elementor-element-populated\">\n\t\t\t\t\t\t\t\t<div class=\"elementor-element elementor-element-6773122 elementor-widget elementor-widget-heading\" data-id=\"6773122\" data-element_type=\"widget\" data-widget_type=\"heading.default\">\n\t\t\t\t<div class=\"elementor-widget-container\">\n\t\t\t<h2 class=\"elementor-heading-title elementor-size-default\">Appartments<\/h2>\t\t<\/div>\n\t\t\t\t<\/div>\n\t\t\t\t<div class=\"elementor-element elementor-element-8419f76 elementor-widget elementor-widget-text-editor\" data-id=\"8419f76\" data-element_type=\"widget\" data-widget_type=\"text-editor.default\">\n\t\t\t\t<div class=\"elementor-widget-container\">\n\t\t\t\t\t\t\t<p>F\u00fcr eine kleine Grundausstattung in Form von Kaffee, Toilettenpapier, Sp\u00fcli und K\u00fcchenrolle ist in beiden Appartments bei Anreise gesorgt. F\u00fcr den dar\u00fcber hinausgehenden Verbrauch haben die G\u00e4ste selbst zu sorgen.<br \/>Beide Appartements verf\u00fcgt \u00fcber WLAN und Satellitenfernseher.<\/p>\t\t\t\t\t\t<\/div>\n\t\t\t\t<\/div>\n\t\t\t\t<div class=\"elementor-element elementor-element-a53be6c elementor-widget elementor-widget-html\" data-id=\"a53be6c\" data-element_type=\"widget\" data-widget_type=\"html.default\">\n\t\t\t\t<div class=\"elementor-widget-container\">\n\t\t\t<table style=\"width: 80%\">\n\t<tr>\n\t\t<td>ab 4 Tagen f\u00fcr 1-2 Personen je \u00dcbernachtung:<\/td>\n\t\t<td>\u20ac 85,-<\/td>\n\t<\/tr>\n\t<tr>\n\t\t<td>ab 7 Tagen f\u00fcr 1-2 Personen je Woche:<\/td>\n\t\t<td>\u20ac 550,-<\/td>\n\t<\/tr>\n\t<tr>\n\t\t<td>&nbsp;<\/td>\n\t\t<td>&nbsp;<\/td>\n\t<\/tr>\n\t<tr>\n\t\t<td>Kinder von 2 bis 11 Jahren je \u00dcbernachtung:<\/td>\n\t\t<td>\u20ac 20,-<\/td>\n\t<\/tr>\n\t<tr>\n\t\t<td>Kinder ab 12 Jahren je \u00dcbernachtung:<\/td>\n\t\t<td>\u20ac 40,-<\/td>\n\t<\/tr>\n\t<tr>\n\t\t<td>&nbsp;<\/td>\n\t\t<td>&nbsp;<\/td>\n\t<\/tr>\n\t<tr>\n\t\t<td>Endreinigung (obligatorisch):<\/td>\n\t\t<td>\u20ac 65,-<\/td>\n\t<\/tr>\n\t<tr>\n\t\t<td>&nbsp;<\/td>\n\t\t<td>&nbsp;<\/td>\n\t<\/tr>\n\t<tr>\n\t\t<td>W\u00e4schepaket f\u00fcr 4 Tage pro Person (optional)<\/td>\n\t\t<td>\u20ac 30,-<\/td>\n\t<\/tr>\n\t<tr>\n\t\t<td>W\u00e4schepakt f\u00fcr 1 Woche pro Person (optional)<\/td>\n\t\t<td>\u20ac 35,-<\/td>\n\t<\/tr>\n\t<tr>\n\t\t<td>Im W\u00e4schepaket enthalten sind Bettw\u00e4sche , Handt\u00fccher , \n\t\tGeschirrt\u00fccher und Badvorleger.<br \/>\n\t\tSollten Sie kein W\u00e4schepaket buchen wollen bringen Sie gerne Ihre eigene \n\t\tW\u00e4sche mit.<\/td>\n\t\t<td>&nbsp;<\/td>\n\t<\/tr>\n<\/table>\n\t\t<\/div>\n\t\t\t\t<\/div>\n\t\t\t\t\t<\/div>\n\t\t<\/div>\n\t\t\t\t\t\t\t<\/div>\n\t\t<\/section>\n\t\t\t\t<section class=\"elementor-section elementor-top-section elementor-element elementor-element-e102807 elementor-section-boxed elementor-section-height-default elementor-section-height-default\" data-id=\"e102807\" data-element_type=\"section\">\n\t\t\t\t\t\t<div class=\"elementor-container elementor-column-gap-default\">\n\t\t\t\t\t<div class=\"elementor-column elementor-col-100 elementor-top-column elementor-element elementor-element-39374ca\" data-id=\"39374ca\" data-element_type=\"column\">\n\t\t\t<div class=\"elementor-widget-wrap\">\n\t\t\t\t\t\t\t\t\t<\/div>\n\t\t<\/div>\n\t\t\t\t\t\t\t<\/div>\n\t\t<\/section>\n\t\t\t\t<section class=\"elementor-section elementor-top-section elementor-element elementor-element-76553df elementor-section-boxed elementor-section-height-default elementor-section-height-default\" data-id=\"76553df\" data-element_type=\"section\">\n\t\t\t\t\t\t<div class=\"elementor-container elementor-column-gap-default\">\n\t\t\t\t\t<div class=\"elementor-column elementor-col-100 elementor-top-column elementor-element elementor-element-1256f4a\" data-id=\"1256f4a\" data-element_type=\"column\">\n\t\t\t<div class=\"elementor-widget-wrap elementor-element-populated\">\n\t\t\t\t\t\t\t\t<div class=\"elementor-element elementor-element-a1417e1 elementor-widget elementor-widget-text-editor\" data-id=\"a1417e1\" data-element_type=\"widget\" data-widget_type=\"text-editor.default\">\n\t\t\t\t<div class=\"elementor-widget-container\">\n\t\t\t\t\t\t\t<p><span style=\"color: #ff9900;\">Ab einer Buchung von drei Wochen werden zus\u00e4tzliche Kosten in H\u00f6he von 20\u20ac pro Person f\u00fcr einen obligatorischen Bettw\u00e4schewechsel berechnet.<\/span><br \/><span style=\"color: #ff9900;\">Hunde sind auf Anfrage willkommen und werden mit 5 Euro pro Tag berechnet.<\/span><\/p><p><span style=\"color: #ff9900;\"><a style=\"color: #ff9900;\" href=\"https:\/\/2023.gaestehaus-koenigstein.de\/wp-content\/uploads\/2023\/07\/agb_gastehaus_konigstein.pdf\" target=\"_blank\" rel=\"noopener\"><span style=\"color: #ff6600;\">Bi<\/span><b><span style=\"color: #ff6600;\">tte beachten Sie auch unsere allgemeinen Gesch\u00e4ftsbedingungen.<\/span><\/b><\/a><\/span><\/p><p><span style=\"color: #ff9900;\"><b>Check in am Anreisetag ab 14:00 Uhr<br \/>Check out am Abreisetag bis 10:00 Uhr<\/b><\/span><\/p>\t\t\t\t\t\t<\/div>\n\t\t\t\t<\/div>\n\t\t\t\t<div class=\"elementor-element elementor-element-f9c47fa elementor-widget-divider--view-line elementor-widget elementor-widget-divider\" data-id=\"f9c47fa\" data-element_type=\"widget\" data-widget_type=\"divider.default\">\n\t\t\t\t<div class=\"elementor-widget-container\">\n\t\t\t\t\t<div class=\"elementor-divider\">\n\t\t\t<span class=\"elementor-divider-separator\">\n\t\t\t\t\t\t<\/span>\n\t\t<\/div>\n\t\t\t\t<\/div>\n\t\t\t\t<\/div>\n\t\t\t\t\t<\/div>\n\t\t<\/div>\n\t\t\t\t\t\t\t<\/div>\n\t\t<\/section>\n\t\t\t\t<section class=\"elementor-section elementor-top-section elementor-element elementor-element-59a3294 elementor-section-boxed elementor-section-height-default elementor-section-height-default\" data-id=\"59a3294\" data-element_type=\"section\">\n\t\t\t\t\t\t<div class=\"elementor-container elementor-column-gap-default\">\n\t\t\t\t\t<div class=\"elementor-column elementor-col-100 elementor-top-column elementor-element elementor-element-19ea64b\" data-id=\"19ea64b\" data-element_type=\"column\">\n\t\t\t<div class=\"elementor-widget-wrap elementor-element-populated\">\n\t\t\t\t\t\t\t\t<div class=\"elementor-element elementor-element-ae47779 elementor-widget elementor-widget-google_maps\" data-id=\"ae47779\" data-element_type=\"widget\" data-widget_type=\"google_maps.default\">\n\t\t\t\t<div class=\"elementor-widget-container\">\n\t\t\t<style>\/*! elementor - v3.14.0 - 26-06-2023 *\/\n.elementor-widget-google_maps .elementor-widget-container{overflow:hidden}.elementor-widget-google_maps .elementor-custom-embed{line-height:0}.elementor-widget-google_maps iframe{height:300px}<\/style>\t\t<div class=\"elementor-custom-embed\">\n\t\t\t<iframe loading=\"lazy\"\n\t\t\t\t\tsrc=\"https:\/\/maps.google.com\/maps?q=Hintere%20schlossgasse%201%20&#038;t=m&#038;z=16&#038;output=embed&#038;iwloc=near\"\n\t\t\t\t\ttitle=\"Hintere schlossgasse 1 \"\n\t\t\t\t\taria-label=\"Hintere schlossgasse 1 \"\n\t\t\t><\/iframe>\n\t\t<\/div>\n\t\t\t\t<\/div>\n\t\t\t\t<\/div>\n\t\t\t\t\t<\/div>\n\t\t<\/div>\n\t\t\t\t\t\t\t<\/div>\n\t\t<\/section>\n\t\t\t\t\t\t\t<\/div>\n\t\t","protected":false},"excerpt":{"rendered":"<p>G\u00e4stezimmer Das G\u00e4stezimmer verf\u00fcgt \u00fcber ein eigenes Tageslichtbad mit Fenster und Dusche, einen Schreibtisch, WLAN und Satellitenfernseher. Einzelbelegung erste Nacht: \u20ac 90,- Einzelbelegung Folgen\u00e4chte: \u20ac 80,- &nbsp; &nbsp; Doppelbelegung erste Nacht: \u20ac 95,- Doppelbelegung Folgen\u00e4chte: \u20ac 85,- Kleine Hunde sind auf Anfrage willkommen und werden mit 5 Euro pro Tag berechnet. Check in am Anreisetag [&hellip;]<\/p>\n","protected":false},"author":1,"featured_media":0,"parent":0,"menu_order":0,"comment_status":"closed","ping_status":"closed","template":"","meta":{"footnotes":""},"class_list":["post-418","page","type-page","status-publish","hentry","entry"],"_links":{"self":[{"href":"https:\/\/2023.gaestehaus-koenigstein.de\/index.php?rest_route=\/wp\/v2\/pages\/418","targetHints":{"allow":["GET"]}}],"collection":[{"href":"https:\/\/2023.gaestehaus-koenigstein.de\/index.php?rest_route=\/wp\/v2\/pages"}],"about":[{"href":"https:\/\/2023.gaestehaus-koenigstein.de\/index.php?rest_route=\/wp\/v2\/types\/page"}],"author":[{"embeddable":true,"href":"https:\/\/2023.gaestehaus-koenigstein.de\/index.php?rest_route=\/wp\/v2\/users\/1"}],"replies":[{"embeddable":true,"href":"https:\/\/2023.gaestehaus-koenigstein.de\/index.php?rest_route=%2Fwp%2Fv2%2Fcomments&post=418"}],"version-history":[{"count":74,"href":"https:\/\/2023.gaestehaus-koenigstein.de\/index.php?rest_route=\/wp\/v2\/pages\/418\/revisions"}],"predecessor-version":[{"id":797,"href":"https:\/\/2023.gaestehaus-koenigstein.de\/index.php?rest_route=\/wp\/v2\/pages\/418\/revisions\/797"}],"wp:attachment":[{"href":"https:\/\/2023.gaestehaus-koenigstein.de\/index.php?rest_route=%2Fwp%2Fv2%2Fmedia&parent=418"}],"curies":[{"name":"wp","href":"https:\/\/api.w.org\/{rel}","templated":true}]}}