{"id":415,"date":"2023-06-25T15:03:42","date_gmt":"2023-06-25T15:03:42","guid":{"rendered":"https:\/\/2023.gaestehaus-koenigstein.de\/?page_id=415"},"modified":"2023-07-17T15:37:30","modified_gmt":"2023-07-17T15:37:30","slug":"fremdenzimmer","status":"publish","type":"page","link":"https:\/\/2023.gaestehaus-koenigstein.de\/?page_id=415","title":{"rendered":"G\u00e4stezimmer"},"content":{"rendered":"\t\t<div data-elementor-type=\"wp-page\" data-elementor-id=\"415\" class=\"elementor elementor-415\">\n\t\t\t\t\t\t\t\t\t<section class=\"elementor-section elementor-top-section elementor-element elementor-element-e7fdc92 elementor-section-boxed elementor-section-height-default elementor-section-height-default\" data-id=\"e7fdc92\" data-element_type=\"section\">\n\t\t\t\t\t\t<div class=\"elementor-container elementor-column-gap-default\">\n\t\t\t\t\t<div class=\"elementor-column elementor-col-100 elementor-top-column elementor-element elementor-element-21b0ec4\" data-id=\"21b0ec4\" data-element_type=\"column\">\n\t\t\t<div class=\"elementor-widget-wrap elementor-element-populated\">\n\t\t\t\t\t\t\t\t<div class=\"elementor-element elementor-element-5b42bea elementor-widget elementor-widget-text-editor\" data-id=\"5b42bea\" data-element_type=\"widget\" data-widget_type=\"text-editor.default\">\n\t\t\t\t<div class=\"elementor-widget-container\">\n\t\t\t<style>\/*! elementor - v3.14.0 - 26-06-2023 *\/\n.elementor-widget-text-editor.elementor-drop-cap-view-stacked .elementor-drop-cap{background-color:#69727d;color:#fff}.elementor-widget-text-editor.elementor-drop-cap-view-framed .elementor-drop-cap{color:#69727d;border:3px solid;background-color:transparent}.elementor-widget-text-editor:not(.elementor-drop-cap-view-default) .elementor-drop-cap{margin-top:8px}.elementor-widget-text-editor:not(.elementor-drop-cap-view-default) .elementor-drop-cap-letter{width:1em;height:1em}.elementor-widget-text-editor .elementor-drop-cap{float:left;text-align:center;line-height:1;font-size:50px}.elementor-widget-text-editor .elementor-drop-cap-letter{display:inline-block}<\/style>\t\t\t\t<p>Unser G\u00e4stezimmer ist ein komfortables Doppelzimmer mit Schreibtisch, Mini K\u00fchlschrank und Kaffee \/ Teebar<\/p><p>Man hat in diesem Zimmer einen sch\u00f6nen Blick auf unsere K\u00f6nigsteiner Burg, was bei Nacht besonders sch\u00f6n aussieht, da diese beleuchtet ist. Wenn nicht gerade Burgfest ist, sind die N\u00e4chte ruhig.<\/p>\t\t\t\t\t\t<\/div>\n\t\t\t\t<\/div>\n\t\t\t\t\t<\/div>\n\t\t<\/div>\n\t\t\t\t\t\t\t<\/div>\n\t\t<\/section>\n\t\t\t\t<section class=\"elementor-section elementor-top-section elementor-element elementor-element-9202d7d elementor-section-boxed elementor-section-height-default elementor-section-height-default\" data-id=\"9202d7d\" data-element_type=\"section\">\n\t\t\t\t\t\t<div class=\"elementor-container elementor-column-gap-default\">\n\t\t\t\t\t<div class=\"elementor-column elementor-col-100 elementor-top-column elementor-element elementor-element-3797031\" data-id=\"3797031\" data-element_type=\"column\">\n\t\t\t<div class=\"elementor-widget-wrap elementor-element-populated\">\n\t\t\t\t\t\t\t\t<div class=\"elementor-element elementor-element-65b1022 elementor-arrows-position-inside elementor-pagination-position-outside elementor-widget elementor-widget-image-carousel\" data-id=\"65b1022\" data-element_type=\"widget\" data-settings=\"{&quot;navigation&quot;:&quot;both&quot;,&quot;autoplay&quot;:&quot;yes&quot;,&quot;pause_on_hover&quot;:&quot;yes&quot;,&quot;pause_on_interaction&quot;:&quot;yes&quot;,&quot;autoplay_speed&quot;:5000,&quot;infinite&quot;:&quot;yes&quot;,&quot;speed&quot;:500}\" data-widget_type=\"image-carousel.default\">\n\t\t\t\t<div class=\"elementor-widget-container\">\n\t\t\t<style>\/*! elementor - v3.14.0 - 26-06-2023 *\/\n.elementor-widget-image-carousel .swiper,.elementor-widget-image-carousel .swiper-container{position:static}.elementor-widget-image-carousel .swiper-container .swiper-slide figure,.elementor-widget-image-carousel .swiper .swiper-slide figure{line-height:inherit}.elementor-widget-image-carousel .swiper-slide{text-align:center}.elementor-image-carousel-wrapper:not(.swiper-container-initialized):not(.swiper-initialized) .swiper-slide{max-width:calc(100% \/ var(--e-image-carousel-slides-to-show, 3))}<\/style>\t\t<div class=\"elementor-image-carousel-wrapper swiper\" dir=\"ltr\">\n\t\t\t<div class=\"elementor-image-carousel swiper-wrapper\" aria-live=\"off\">\n\t\t\t\t\t\t\t\t<div class=\"swiper-slide\" role=\"group\" aria-roledescription=\"slide\" aria-label=\"1 of 6\"><a data-elementor-open-lightbox=\"yes\" data-elementor-lightbox-slideshow=\"65b1022\" data-elementor-lightbox-title=\"Gem\u00fctliches Queensize Bett\" data-e-action-hash=\"#elementor-action%3Aaction%3Dlightbox%26settings%3DeyJpZCI6Nzg1LCJ1cmwiOiJodHRwczpcL1wvMjAyMy5nYWVzdGVoYXVzLWtvZW5pZ3N0ZWluLmRlXC93cC1jb250ZW50XC91cGxvYWRzXC8yMDIzXC8wN1wvSU1HXzIwMjMwNTExXzE2NTk0MTItc2NhbGVkLmpwZyIsInNsaWRlc2hvdyI6IjY1YjEwMjIifQ%3D%3D\" href=\"https:\/\/2023.gaestehaus-koenigstein.de\/wp-content\/uploads\/2023\/07\/IMG_20230511_1659412-scaled.jpg\"><figure class=\"swiper-slide-inner\"><img decoding=\"async\" class=\"swiper-slide-image\" src=\"https:\/\/2023.gaestehaus-koenigstein.de\/wp-content\/uploads\/2023\/07\/IMG_20230511_1659412-225x300.jpg\" alt=\"GZ_1\" \/><figcaption class=\"elementor-image-carousel-caption\">Gem\u00fctliches Queensize Bett<\/figcaption><\/figure><\/a><\/div><div class=\"swiper-slide\" role=\"group\" aria-roledescription=\"slide\" aria-label=\"2 of 6\"><a data-elementor-open-lightbox=\"yes\" data-elementor-lightbox-slideshow=\"65b1022\" data-elementor-lightbox-title=\"Ihr pers\u00f6nlicher Eingangsbereich zum K\u00f6nigreich der Tr\u00e4ume\" data-e-action-hash=\"#elementor-action%3Aaction%3Dlightbox%26settings%3DeyJpZCI6Nzg2LCJ1cmwiOiJodHRwczpcL1wvMjAyMy5nYWVzdGVoYXVzLWtvZW5pZ3N0ZWluLmRlXC93cC1jb250ZW50XC91cGxvYWRzXC8yMDIzXC8wN1wvSU1HXzIwMjMwNjAyXzEyNTI1MDItc2NhbGVkLmpwZyIsInNsaWRlc2hvdyI6IjY1YjEwMjIifQ%3D%3D\" href=\"https:\/\/2023.gaestehaus-koenigstein.de\/wp-content\/uploads\/2023\/07\/IMG_20230602_1252502-scaled.jpg\"><figure class=\"swiper-slide-inner\"><img decoding=\"async\" class=\"swiper-slide-image\" src=\"https:\/\/2023.gaestehaus-koenigstein.de\/wp-content\/uploads\/2023\/07\/IMG_20230602_1252502-225x300.jpg\" alt=\"GZ_2\" \/><figcaption class=\"elementor-image-carousel-caption\">Ihr pers\u00f6nlicher Eingangsbereich zum K\u00f6nigreich der Tr\u00e4ume<\/figcaption><\/figure><\/a><\/div><div class=\"swiper-slide\" role=\"group\" aria-roledescription=\"slide\" aria-label=\"3 of 6\"><a data-elementor-open-lightbox=\"yes\" data-elementor-lightbox-slideshow=\"65b1022\" data-elementor-lightbox-title=\"Ihre kleine Wellnessoase mit Tageslicht und gro\u00dfem Spiegel\" data-e-action-hash=\"#elementor-action%3Aaction%3Dlightbox%26settings%3DeyJpZCI6Nzg3LCJ1cmwiOiJodHRwczpcL1wvMjAyMy5nYWVzdGVoYXVzLWtvZW5pZ3N0ZWluLmRlXC93cC1jb250ZW50XC91cGxvYWRzXC8yMDIzXC8wN1wvSU1HXzIwMjMwNjAzXzE3MjcyOTItc2NhbGVkLmpwZyIsInNsaWRlc2hvdyI6IjY1YjEwMjIifQ%3D%3D\" href=\"https:\/\/2023.gaestehaus-koenigstein.de\/wp-content\/uploads\/2023\/07\/IMG_20230603_1727292-scaled.jpg\"><figure class=\"swiper-slide-inner\"><img decoding=\"async\" class=\"swiper-slide-image\" src=\"https:\/\/2023.gaestehaus-koenigstein.de\/wp-content\/uploads\/2023\/07\/IMG_20230603_1727292-225x300.jpg\" alt=\"GZ_3\" \/><figcaption class=\"elementor-image-carousel-caption\">Ihre kleine Wellnessoase mit Tageslicht und gro\u00dfem Spiegel<\/figcaption><\/figure><\/a><\/div><div class=\"swiper-slide\" role=\"group\" aria-roledescription=\"slide\" aria-label=\"4 of 6\"><a data-elementor-open-lightbox=\"yes\" data-elementor-lightbox-slideshow=\"65b1022\" data-elementor-lightbox-title=\"Ihre Wellnessdusche\" data-e-action-hash=\"#elementor-action%3Aaction%3Dlightbox%26settings%3DeyJpZCI6Nzg0LCJ1cmwiOiJodHRwczpcL1wvMjAyMy5nYWVzdGVoYXVzLWtvZW5pZ3N0ZWluLmRlXC93cC1jb250ZW50XC91cGxvYWRzXC8yMDIzXC8wN1wvSU1HXzIwMjMwNjA1XzIzMDAwMi5qcGciLCJzbGlkZXNob3ciOiI2NWIxMDIyIn0%3D\" href=\"https:\/\/2023.gaestehaus-koenigstein.de\/wp-content\/uploads\/2023\/07\/IMG_20230605_230002.jpg\"><figure class=\"swiper-slide-inner\"><img decoding=\"async\" class=\"swiper-slide-image\" src=\"https:\/\/2023.gaestehaus-koenigstein.de\/wp-content\/uploads\/2023\/07\/IMG_20230605_230002-225x300.jpg\" alt=\"dav\" \/><figcaption class=\"elementor-image-carousel-caption\">Ihre Wellnessdusche<\/figcaption><\/figure><\/a><\/div><div class=\"swiper-slide\" role=\"group\" aria-roledescription=\"slide\" aria-label=\"5 of 6\"><a data-elementor-open-lightbox=\"yes\" data-elementor-lightbox-slideshow=\"65b1022\" data-e-action-hash=\"#elementor-action%3Aaction%3Dlightbox%26settings%3DeyJpZCI6Njk2LCJ1cmwiOiJodHRwczpcL1wvMjAyMy5nYWVzdGVoYXVzLWtvZW5pZ3N0ZWluLmRlXC93cC1jb250ZW50XC91cGxvYWRzXC8yMDIzXC8wN1wvSU1HLTIwMjMwNTI5LVdBMDAwMy5qcGciLCJzbGlkZXNob3ciOiI2NWIxMDIyIn0%3D\" href=\"https:\/\/2023.gaestehaus-koenigstein.de\/wp-content\/uploads\/2023\/07\/IMG-20230529-WA0003.jpg\"><figure class=\"swiper-slide-inner\"><img decoding=\"async\" class=\"swiper-slide-image\" src=\"https:\/\/2023.gaestehaus-koenigstein.de\/wp-content\/uploads\/2023\/07\/IMG-20230529-WA0003-262x300.jpg\" alt=\"Eingang_2\" \/><\/figure><\/a><\/div><div class=\"swiper-slide\" role=\"group\" aria-roledescription=\"slide\" aria-label=\"6 of 6\"><a data-elementor-open-lightbox=\"yes\" data-elementor-lightbox-slideshow=\"65b1022\" data-elementor-lightbox-title=\"Die gemeinschaftliche G\u00e4steterrasse\" data-e-action-hash=\"#elementor-action%3Aaction%3Dlightbox%26settings%3DeyJpZCI6NjMzLCJ1cmwiOiJodHRwczpcL1wvMjAyMy5nYWVzdGVoYXVzLWtvZW5pZ3N0ZWluLmRlXC93cC1jb250ZW50XC91cGxvYWRzXC8yMDIzXC8wN1wvSU1HXzIwMjMwNTI5XzA5NDYxNjItc2NhbGVkLmpwZyIsInNsaWRlc2hvdyI6IjY1YjEwMjIifQ%3D%3D\" href=\"https:\/\/2023.gaestehaus-koenigstein.de\/wp-content\/uploads\/2023\/07\/IMG_20230529_0946162-scaled.jpg\"><figure class=\"swiper-slide-inner\"><img decoding=\"async\" class=\"swiper-slide-image\" src=\"https:\/\/2023.gaestehaus-koenigstein.de\/wp-content\/uploads\/2023\/07\/IMG_20230529_0946162-225x300.jpg\" alt=\"Terasse\" \/><figcaption class=\"elementor-image-carousel-caption\">Die gemeinschaftliche G\u00e4steterrasse<\/figcaption><\/figure><\/a><\/div>\t\t\t<\/div>\n\t\t\t\t\t\t\t\t\t\t\t\t<div class=\"elementor-swiper-button elementor-swiper-button-prev\" role=\"button\" tabindex=\"0\">\n\t\t\t\t\t\t<i aria-hidden=\"true\" class=\"eicon-chevron-left\"><\/i>\t\t\t\t\t<\/div>\n\t\t\t\t\t<div class=\"elementor-swiper-button elementor-swiper-button-next\" role=\"button\" tabindex=\"0\">\n\t\t\t\t\t\t<i aria-hidden=\"true\" class=\"eicon-chevron-right\"><\/i>\t\t\t\t\t<\/div>\n\t\t\t\t\n\t\t\t\t\t\t\t\t\t<div class=\"swiper-pagination\"><\/div>\n\t\t\t\t\t\t\t\t\t<\/div>\n\t\t\t\t<\/div>\n\t\t\t\t<\/div>\n\t\t\t\t\t<\/div>\n\t\t<\/div>\n\t\t\t\t\t\t\t<\/div>\n\t\t<\/section>\n\t\t\t\t\t\t\t<\/div>\n\t\t","protected":false},"excerpt":{"rendered":"<p>Unser G\u00e4stezimmer ist ein komfortables Doppelzimmer mit Schreibtisch, Mini K\u00fchlschrank und Kaffee \/ Teebar Man hat in diesem Zimmer einen sch\u00f6nen Blick auf unsere K\u00f6nigsteiner Burg, was bei Nacht besonders sch\u00f6n aussieht, da diese beleuchtet ist. Wenn nicht gerade Burgfest ist, sind die N\u00e4chte ruhig. Gem\u00fctliches Queensize Bett Ihr pers\u00f6nlicher Eingangsbereich zum K\u00f6nigreich der Tr\u00e4ume [&hellip;]<\/p>\n","protected":false},"author":1,"featured_media":0,"parent":0,"menu_order":0,"comment_status":"closed","ping_status":"closed","template":"","meta":{"footnotes":""},"class_list":["post-415","page","type-page","status-publish","hentry","entry"],"_links":{"self":[{"href":"https:\/\/2023.gaestehaus-koenigstein.de\/index.php?rest_route=\/wp\/v2\/pages\/415","targetHints":{"allow":["GET"]}}],"collection":[{"href":"https:\/\/2023.gaestehaus-koenigstein.de\/index.php?rest_route=\/wp\/v2\/pages"}],"about":[{"href":"https:\/\/2023.gaestehaus-koenigstein.de\/index.php?rest_route=\/wp\/v2\/types\/page"}],"author":[{"embeddable":true,"href":"https:\/\/2023.gaestehaus-koenigstein.de\/index.php?rest_route=\/wp\/v2\/users\/1"}],"replies":[{"embeddable":true,"href":"https:\/\/2023.gaestehaus-koenigstein.de\/index.php?rest_route=%2Fwp%2Fv2%2Fcomments&post=415"}],"version-history":[{"count":11,"href":"https:\/\/2023.gaestehaus-koenigstein.de\/index.php?rest_route=\/wp\/v2\/pages\/415\/revisions"}],"predecessor-version":[{"id":808,"href":"https:\/\/2023.gaestehaus-koenigstein.de\/index.php?rest_route=\/wp\/v2\/pages\/415\/revisions\/808"}],"wp:attachment":[{"href":"https:\/\/2023.gaestehaus-koenigstein.de\/index.php?rest_route=%2Fwp%2Fv2%2Fmedia&parent=415"}],"curies":[{"name":"wp","href":"https:\/\/api.w.org\/{rel}","templated":true}]}}