{"id":411,"date":"2023-06-25T15:02:59","date_gmt":"2023-06-25T15:02:59","guid":{"rendered":"https:\/\/2023.gaestehaus-koenigstein.de\/?page_id=411"},"modified":"2023-07-09T10:28:45","modified_gmt":"2023-07-09T10:28:45","slug":"appartment-1","status":"publish","type":"page","link":"https:\/\/2023.gaestehaus-koenigstein.de\/?page_id=411","title":{"rendered":"Appartment 1"},"content":{"rendered":"\t\t<div data-elementor-type=\"wp-page\" data-elementor-id=\"411\" class=\"elementor elementor-411\">\n\t\t\t\t\t\t\t\t\t<section class=\"elementor-section elementor-top-section elementor-element elementor-element-61b6b87 elementor-section-boxed elementor-section-height-default elementor-section-height-default\" data-id=\"61b6b87\" data-element_type=\"section\">\n\t\t\t\t\t\t<div class=\"elementor-container elementor-column-gap-default\">\n\t\t\t\t\t<div class=\"elementor-column elementor-col-100 elementor-top-column elementor-element elementor-element-93b053e\" data-id=\"93b053e\" data-element_type=\"column\">\n\t\t\t<div class=\"elementor-widget-wrap elementor-element-populated\">\n\t\t\t\t\t\t\t\t<div class=\"elementor-element elementor-element-6099fa0 elementor-widget elementor-widget-text-editor\" data-id=\"6099fa0\" data-element_type=\"widget\" data-widget_type=\"text-editor.default\">\n\t\t\t\t<div class=\"elementor-widget-container\">\n\t\t\t<style>\/*! elementor - v3.14.0 - 26-06-2023 *\/\n.elementor-widget-text-editor.elementor-drop-cap-view-stacked .elementor-drop-cap{background-color:#69727d;color:#fff}.elementor-widget-text-editor.elementor-drop-cap-view-framed .elementor-drop-cap{color:#69727d;border:3px solid;background-color:transparent}.elementor-widget-text-editor:not(.elementor-drop-cap-view-default) .elementor-drop-cap{margin-top:8px}.elementor-widget-text-editor:not(.elementor-drop-cap-view-default) .elementor-drop-cap-letter{width:1em;height:1em}.elementor-widget-text-editor .elementor-drop-cap{float:left;text-align:center;line-height:1;font-size:50px}.elementor-widget-text-editor .elementor-drop-cap-letter{display:inline-block}<\/style>\t\t\t\t<p>Unser Appartment 1 ist eine wundersch\u00f6ne Ferienwohnung mit Fachwerkambiente und bietet Platz f\u00fcr max. 4 Personen,hat ein Tageslichtbad mit Dusche und eine kleine Einbauk\u00fcche. <br \/>Da es sich um ein altes Fachwerkhaus handelt hat die Wohnung keine \u00fcbliche Decke H\u00f6he von 2,50 m. Am Balken ist die H\u00f6he 1,95, die restliche Raumh\u00f6he betr\u00e4gt 2,10 m.<br \/>An unserem gem\u00fctlichen Esstisch finden 4 Personen Platz und in unserer K\u00fcche findet man eine gute Grundausstattung zum Kochen.<\/p>\t\t\t\t\t\t<\/div>\n\t\t\t\t<\/div>\n\t\t\t\t\t<\/div>\n\t\t<\/div>\n\t\t\t\t\t\t\t<\/div>\n\t\t<\/section>\n\t\t\t\t<section class=\"elementor-section elementor-top-section elementor-element elementor-element-f58b76e elementor-section-boxed elementor-section-height-default elementor-section-height-default\" data-id=\"f58b76e\" data-element_type=\"section\">\n\t\t\t\t\t\t<div class=\"elementor-container elementor-column-gap-default\">\n\t\t\t\t\t<div class=\"elementor-column elementor-col-100 elementor-top-column elementor-element elementor-element-74e32c0\" data-id=\"74e32c0\" data-element_type=\"column\">\n\t\t\t<div class=\"elementor-widget-wrap elementor-element-populated\">\n\t\t\t\t\t\t\t\t<div class=\"elementor-element elementor-element-94ea07a elementor-arrows-position-inside elementor-pagination-position-outside elementor-widget elementor-widget-image-carousel\" data-id=\"94ea07a\" data-element_type=\"widget\" data-settings=\"{&quot;navigation&quot;:&quot;both&quot;,&quot;autoplay&quot;:&quot;yes&quot;,&quot;pause_on_hover&quot;:&quot;yes&quot;,&quot;pause_on_interaction&quot;:&quot;yes&quot;,&quot;autoplay_speed&quot;:5000,&quot;infinite&quot;:&quot;yes&quot;,&quot;speed&quot;:500}\" data-widget_type=\"image-carousel.default\">\n\t\t\t\t<div class=\"elementor-widget-container\">\n\t\t\t<style>\/*! elementor - v3.14.0 - 26-06-2023 *\/\n.elementor-widget-image-carousel .swiper,.elementor-widget-image-carousel .swiper-container{position:static}.elementor-widget-image-carousel .swiper-container .swiper-slide figure,.elementor-widget-image-carousel .swiper .swiper-slide figure{line-height:inherit}.elementor-widget-image-carousel .swiper-slide{text-align:center}.elementor-image-carousel-wrapper:not(.swiper-container-initialized):not(.swiper-initialized) .swiper-slide{max-width:calc(100% \/ var(--e-image-carousel-slides-to-show, 3))}<\/style>\t\t<div class=\"elementor-image-carousel-wrapper swiper\" dir=\"ltr\">\n\t\t\t<div class=\"elementor-image-carousel swiper-wrapper\" aria-live=\"off\">\n\t\t\t\t\t\t\t\t<div class=\"swiper-slide\" role=\"group\" aria-roledescription=\"slide\" aria-label=\"1 of 12\"><a data-elementor-open-lightbox=\"yes\" data-elementor-lightbox-slideshow=\"94ea07a\" data-elementor-lightbox-title=\"Der Schlafbereich zu den Sternen\" data-e-action-hash=\"#elementor-action%3Aaction%3Dlightbox%26settings%3DeyJpZCI6NjIxLCJ1cmwiOiJodHRwczpcL1wvMjAyMy5nYWVzdGVoYXVzLWtvZW5pZ3N0ZWluLmRlXC93cC1jb250ZW50XC91cGxvYWRzXC8yMDIzXC8wN1wvSU1HXzIwMjMwNTExXzE2NDMwNDItc2NhbGVkLmpwZyIsInNsaWRlc2hvdyI6Ijk0ZWEwN2EifQ%3D%3D\" href=\"https:\/\/2023.gaestehaus-koenigstein.de\/wp-content\/uploads\/2023\/07\/IMG_20230511_1643042-scaled.jpg\"><figure class=\"swiper-slide-inner\"><img decoding=\"async\" class=\"swiper-slide-image\" src=\"https:\/\/2023.gaestehaus-koenigstein.de\/wp-content\/uploads\/2023\/07\/IMG_20230511_1643042-225x300.jpg\" alt=\"App1_1\" \/><figcaption class=\"elementor-image-carousel-caption\">Der Schlafbereich zu den Sternen<\/figcaption><\/figure><\/a><\/div><div class=\"swiper-slide\" role=\"group\" aria-roledescription=\"slide\" aria-label=\"2 of 12\"><a data-elementor-open-lightbox=\"yes\" data-elementor-lightbox-slideshow=\"94ea07a\" data-e-action-hash=\"#elementor-action%3Aaction%3Dlightbox%26settings%3DeyJpZCI6NjIzLCJ1cmwiOiJodHRwczpcL1wvMjAyMy5nYWVzdGVoYXVzLWtvZW5pZ3N0ZWluLmRlXC93cC1jb250ZW50XC91cGxvYWRzXC8yMDIzXC8wN1wvSU1HXzIwMjMwNTExXzE2NDIyMC1zY2FsZWQuanBnIiwic2xpZGVzaG93IjoiOTRlYTA3YSJ9\" href=\"https:\/\/2023.gaestehaus-koenigstein.de\/wp-content\/uploads\/2023\/07\/IMG_20230511_164220-scaled.jpg\"><figure class=\"swiper-slide-inner\"><img decoding=\"async\" class=\"swiper-slide-image\" src=\"https:\/\/2023.gaestehaus-koenigstein.de\/wp-content\/uploads\/2023\/07\/IMG_20230511_164220-225x300.jpg\" alt=\"App1_2\" \/><\/figure><\/a><\/div><div class=\"swiper-slide\" role=\"group\" aria-roledescription=\"slide\" aria-label=\"3 of 12\"><a data-elementor-open-lightbox=\"yes\" data-elementor-lightbox-slideshow=\"94ea07a\" data-elementor-lightbox-title=\"Ihr Eingangsbereich mit Schuhschrank und Garderobe\" data-e-action-hash=\"#elementor-action%3Aaction%3Dlightbox%26settings%3DeyJpZCI6NjI4LCJ1cmwiOiJodHRwczpcL1wvMjAyMy5nYWVzdGVoYXVzLWtvZW5pZ3N0ZWluLmRlXC93cC1jb250ZW50XC91cGxvYWRzXC8yMDIzXC8wN1wvSU1HXzIwMjMwNjA1XzIyMjkwOS5qcGciLCJzbGlkZXNob3ciOiI5NGVhMDdhIn0%3D\" href=\"https:\/\/2023.gaestehaus-koenigstein.de\/wp-content\/uploads\/2023\/07\/IMG_20230605_222909.jpg\"><figure class=\"swiper-slide-inner\"><img decoding=\"async\" class=\"swiper-slide-image\" src=\"https:\/\/2023.gaestehaus-koenigstein.de\/wp-content\/uploads\/2023\/07\/IMG_20230605_222909-225x300.jpg\" alt=\"App1_4\" \/><figcaption class=\"elementor-image-carousel-caption\">Ihr Eingangsbereich mit Schuhschrank und Garderobe<\/figcaption><\/figure><\/a><\/div><div class=\"swiper-slide\" role=\"group\" aria-roledescription=\"slide\" aria-label=\"4 of 12\"><a data-elementor-open-lightbox=\"yes\" data-elementor-lightbox-slideshow=\"94ea07a\" data-elementor-lightbox-title=\"Stauraum f\u00fcr Reisegarderobe\" data-e-action-hash=\"#elementor-action%3Aaction%3Dlightbox%26settings%3DeyJpZCI6NjI1LCJ1cmwiOiJodHRwczpcL1wvMjAyMy5nYWVzdGVoYXVzLWtvZW5pZ3N0ZWluLmRlXC93cC1jb250ZW50XC91cGxvYWRzXC8yMDIzXC8wN1wvSU1HXzIwMjMwNjAyXzE0MjExMDItc2NhbGVkLmpwZyIsInNsaWRlc2hvdyI6Ijk0ZWEwN2EifQ%3D%3D\" href=\"https:\/\/2023.gaestehaus-koenigstein.de\/wp-content\/uploads\/2023\/07\/IMG_20230602_1421102-scaled.jpg\"><figure class=\"swiper-slide-inner\"><img decoding=\"async\" class=\"swiper-slide-image\" src=\"https:\/\/2023.gaestehaus-koenigstein.de\/wp-content\/uploads\/2023\/07\/IMG_20230602_1421102-225x300.jpg\" alt=\"App1_3\" \/><figcaption class=\"elementor-image-carousel-caption\">Stauraum f\u00fcr Reisegarderobe<\/figcaption><\/figure><\/a><\/div><div class=\"swiper-slide\" role=\"group\" aria-roledescription=\"slide\" aria-label=\"5 of 12\"><a data-elementor-open-lightbox=\"yes\" data-elementor-lightbox-slideshow=\"94ea07a\" data-elementor-lightbox-title=\"Der gem\u00fctliche Landhaustisch f\u00fcr gemeinsame Mahlzeiten\" data-e-action-hash=\"#elementor-action%3Aaction%3Dlightbox%26settings%3DeyJpZCI6NjI0LCJ1cmwiOiJodHRwczpcL1wvMjAyMy5nYWVzdGVoYXVzLWtvZW5pZ3N0ZWluLmRlXC93cC1jb250ZW50XC91cGxvYWRzXC8yMDIzXC8wN1wvSU1HXzIwMjMwNjAyXzE0MTg0MDItc2NhbGVkLmpwZyIsInNsaWRlc2hvdyI6Ijk0ZWEwN2EifQ%3D%3D\" href=\"https:\/\/2023.gaestehaus-koenigstein.de\/wp-content\/uploads\/2023\/07\/IMG_20230602_1418402-scaled.jpg\"><figure class=\"swiper-slide-inner\"><img decoding=\"async\" class=\"swiper-slide-image\" src=\"https:\/\/2023.gaestehaus-koenigstein.de\/wp-content\/uploads\/2023\/07\/IMG_20230602_1418402-225x300.jpg\" alt=\"App1_5\" \/><figcaption class=\"elementor-image-carousel-caption\">Der gem\u00fctliche Landhaustisch f\u00fcr gemeinsame Mahlzeiten<\/figcaption><\/figure><\/a><\/div><div class=\"swiper-slide\" role=\"group\" aria-roledescription=\"slide\" aria-label=\"6 of 12\"><a data-elementor-open-lightbox=\"yes\" data-elementor-lightbox-slideshow=\"94ea07a\" data-elementor-lightbox-title=\"Mahlzeiten mit Blick ins Gr\u00fcne\" data-e-action-hash=\"#elementor-action%3Aaction%3Dlightbox%26settings%3DeyJpZCI6NjI5LCJ1cmwiOiJodHRwczpcL1wvMjAyMy5nYWVzdGVoYXVzLWtvZW5pZ3N0ZWluLmRlXC93cC1jb250ZW50XC91cGxvYWRzXC8yMDIzXC8wN1wvSU1HXzIwMjMwNjAyXzE0NTQwNjItMS5qcGciLCJzbGlkZXNob3ciOiI5NGVhMDdhIn0%3D\" href=\"https:\/\/2023.gaestehaus-koenigstein.de\/wp-content\/uploads\/2023\/07\/IMG_20230602_1454062-1.jpg\"><figure class=\"swiper-slide-inner\"><img decoding=\"async\" class=\"swiper-slide-image\" src=\"https:\/\/2023.gaestehaus-koenigstein.de\/wp-content\/uploads\/2023\/07\/IMG_20230602_1454062-1-225x300.jpg\" alt=\"App1_6\" \/><figcaption class=\"elementor-image-carousel-caption\">Mahlzeiten mit Blick ins Gr\u00fcne<\/figcaption><\/figure><\/a><\/div><div class=\"swiper-slide\" role=\"group\" aria-roledescription=\"slide\" aria-label=\"7 of 12\"><a data-elementor-open-lightbox=\"yes\" data-elementor-lightbox-slideshow=\"94ea07a\" data-e-action-hash=\"#elementor-action%3Aaction%3Dlightbox%26settings%3DeyJpZCI6NjMwLCJ1cmwiOiJodHRwczpcL1wvMjAyMy5nYWVzdGVoYXVzLWtvZW5pZ3N0ZWluLmRlXC93cC1jb250ZW50XC91cGxvYWRzXC8yMDIzXC8wN1wvSU1HXzIwMjMwNjAyXzE0MjYxNy1zY2FsZWQuanBnIiwic2xpZGVzaG93IjoiOTRlYTA3YSJ9\" href=\"https:\/\/2023.gaestehaus-koenigstein.de\/wp-content\/uploads\/2023\/07\/IMG_20230602_142617-scaled.jpg\"><figure class=\"swiper-slide-inner\"><img decoding=\"async\" class=\"swiper-slide-image\" src=\"https:\/\/2023.gaestehaus-koenigstein.de\/wp-content\/uploads\/2023\/07\/IMG_20230602_142617-225x300.jpg\" alt=\"App1_7\" \/><\/figure><\/a><\/div><div class=\"swiper-slide\" role=\"group\" aria-roledescription=\"slide\" aria-label=\"8 of 12\"><a data-elementor-open-lightbox=\"yes\" data-elementor-lightbox-slideshow=\"94ea07a\" data-elementor-lightbox-title=\"Ihr gem\u00fctliches Schlafsofa im Wohnbereich\" data-e-action-hash=\"#elementor-action%3Aaction%3Dlightbox%26settings%3DeyJpZCI6NjMxLCJ1cmwiOiJodHRwczpcL1wvMjAyMy5nYWVzdGVoYXVzLWtvZW5pZ3N0ZWluLmRlXC93cC1jb250ZW50XC91cGxvYWRzXC8yMDIzXC8wN1wvSU1HXzIwMjMwNjAyXzE0MjI0Ny1zY2FsZWQuanBnIiwic2xpZGVzaG93IjoiOTRlYTA3YSJ9\" href=\"https:\/\/2023.gaestehaus-koenigstein.de\/wp-content\/uploads\/2023\/07\/IMG_20230602_142247-scaled.jpg\"><figure class=\"swiper-slide-inner\"><img decoding=\"async\" class=\"swiper-slide-image\" src=\"https:\/\/2023.gaestehaus-koenigstein.de\/wp-content\/uploads\/2023\/07\/IMG_20230602_142247-225x300.jpg\" alt=\"App1_8\" \/><figcaption class=\"elementor-image-carousel-caption\">Ihr gem\u00fctliches Schlafsofa im Wohnbereich<\/figcaption><\/figure><\/a><\/div><div class=\"swiper-slide\" role=\"group\" aria-roledescription=\"slide\" aria-label=\"9 of 12\"><a data-elementor-open-lightbox=\"yes\" data-elementor-lightbox-slideshow=\"94ea07a\" data-elementor-lightbox-title=\"Blick vom Schlafbereich zum Wohnbereich\" data-e-action-hash=\"#elementor-action%3Aaction%3Dlightbox%26settings%3DeyJpZCI6NjMyLCJ1cmwiOiJodHRwczpcL1wvMjAyMy5nYWVzdGVoYXVzLWtvZW5pZ3N0ZWluLmRlXC93cC1jb250ZW50XC91cGxvYWRzXC8yMDIzXC8wN1wvSU1HXzIwMjMwNjAyXzE0MjUxMTItc2NhbGVkLmpwZyIsInNsaWRlc2hvdyI6Ijk0ZWEwN2EifQ%3D%3D\" href=\"https:\/\/2023.gaestehaus-koenigstein.de\/wp-content\/uploads\/2023\/07\/IMG_20230602_1425112-scaled.jpg\"><figure class=\"swiper-slide-inner\"><img decoding=\"async\" class=\"swiper-slide-image\" src=\"https:\/\/2023.gaestehaus-koenigstein.de\/wp-content\/uploads\/2023\/07\/IMG_20230602_1425112-225x300.jpg\" alt=\"App1_9\" \/><figcaption class=\"elementor-image-carousel-caption\">Blick vom Schlafbereich zum Wohnbereich<\/figcaption><\/figure><\/a><\/div><div class=\"swiper-slide\" role=\"group\" aria-roledescription=\"slide\" aria-label=\"10 of 12\"><a data-elementor-open-lightbox=\"yes\" data-elementor-lightbox-slideshow=\"94ea07a\" data-elementor-lightbox-title=\"Das moderne Badezimmer mit Dusche und L\u00fcftung\" data-e-action-hash=\"#elementor-action%3Aaction%3Dlightbox%26settings%3DeyJpZCI6NjIyLCJ1cmwiOiJodHRwczpcL1wvMjAyMy5nYWVzdGVoYXVzLWtvZW5pZ3N0ZWluLmRlXC93cC1jb250ZW50XC91cGxvYWRzXC8yMDIzXC8wN1wvMmQzMGYxNzgtZTZiMy00YzQ3LWExNTYtMjY1MjNmMGNiODEzLmpwZyIsInNsaWRlc2hvdyI6Ijk0ZWEwN2EifQ%3D%3D\" href=\"https:\/\/2023.gaestehaus-koenigstein.de\/wp-content\/uploads\/2023\/07\/2d30f178-e6b3-4c47-a156-26523f0cb813.jpg\"><figure class=\"swiper-slide-inner\"><img decoding=\"async\" class=\"swiper-slide-image\" src=\"https:\/\/2023.gaestehaus-koenigstein.de\/wp-content\/uploads\/2023\/07\/2d30f178-e6b3-4c47-a156-26523f0cb813.jpg\" alt=\"App1_10\" \/><figcaption class=\"elementor-image-carousel-caption\">Das moderne Badezimmer mit Dusche und L\u00fcftung<\/figcaption><\/figure><\/a><\/div><div class=\"swiper-slide\" role=\"group\" aria-roledescription=\"slide\" aria-label=\"11 of 12\"><a data-elementor-open-lightbox=\"yes\" data-elementor-lightbox-slideshow=\"94ea07a\" data-elementor-lightbox-title=\"Der kleine begehbare Kleiderschrank f\u00fcr Garderobe und Gep\u00e4ck\" data-e-action-hash=\"#elementor-action%3Aaction%3Dlightbox%26settings%3DeyJpZCI6NjI2LCJ1cmwiOiJodHRwczpcL1wvMjAyMy5nYWVzdGVoYXVzLWtvZW5pZ3N0ZWluLmRlXC93cC1jb250ZW50XC91cGxvYWRzXC8yMDIzXC8wN1wvSU1HXzIwMjMwNjAyXzE0NTUwMy5qcGciLCJzbGlkZXNob3ciOiI5NGVhMDdhIn0%3D\" href=\"https:\/\/2023.gaestehaus-koenigstein.de\/wp-content\/uploads\/2023\/07\/IMG_20230602_145503.jpg\"><figure class=\"swiper-slide-inner\"><img decoding=\"async\" class=\"swiper-slide-image\" src=\"https:\/\/2023.gaestehaus-koenigstein.de\/wp-content\/uploads\/2023\/07\/IMG_20230602_145503-225x300.jpg\" alt=\"App1_12\" \/><figcaption class=\"elementor-image-carousel-caption\">Der kleine begehbare Kleiderschrank f\u00fcr Garderobe und Gep\u00e4ck<\/figcaption><\/figure><\/a><\/div><div class=\"swiper-slide\" role=\"group\" aria-roledescription=\"slide\" aria-label=\"12 of 12\"><a data-elementor-open-lightbox=\"yes\" data-elementor-lightbox-slideshow=\"94ea07a\" data-elementor-lightbox-title=\"Die gemeinschaftliche G\u00e4steterrasse\" data-e-action-hash=\"#elementor-action%3Aaction%3Dlightbox%26settings%3DeyJpZCI6NjMzLCJ1cmwiOiJodHRwczpcL1wvMjAyMy5nYWVzdGVoYXVzLWtvZW5pZ3N0ZWluLmRlXC93cC1jb250ZW50XC91cGxvYWRzXC8yMDIzXC8wN1wvSU1HXzIwMjMwNTI5XzA5NDYxNjItc2NhbGVkLmpwZyIsInNsaWRlc2hvdyI6Ijk0ZWEwN2EifQ%3D%3D\" href=\"https:\/\/2023.gaestehaus-koenigstein.de\/wp-content\/uploads\/2023\/07\/IMG_20230529_0946162-scaled.jpg\"><figure class=\"swiper-slide-inner\"><img decoding=\"async\" class=\"swiper-slide-image\" src=\"https:\/\/2023.gaestehaus-koenigstein.de\/wp-content\/uploads\/2023\/07\/IMG_20230529_0946162-225x300.jpg\" alt=\"Terasse\" \/><figcaption class=\"elementor-image-carousel-caption\">Die gemeinschaftliche G\u00e4steterrasse<\/figcaption><\/figure><\/a><\/div>\t\t\t<\/div>\n\t\t\t\t\t\t\t\t\t\t\t\t<div class=\"elementor-swiper-button elementor-swiper-button-prev\" role=\"button\" tabindex=\"0\">\n\t\t\t\t\t\t<i aria-hidden=\"true\" class=\"eicon-chevron-left\"><\/i>\t\t\t\t\t<\/div>\n\t\t\t\t\t<div class=\"elementor-swiper-button elementor-swiper-button-next\" role=\"button\" tabindex=\"0\">\n\t\t\t\t\t\t<i aria-hidden=\"true\" class=\"eicon-chevron-right\"><\/i>\t\t\t\t\t<\/div>\n\t\t\t\t\n\t\t\t\t\t\t\t\t\t<div class=\"swiper-pagination\"><\/div>\n\t\t\t\t\t\t\t\t\t<\/div>\n\t\t\t\t<\/div>\n\t\t\t\t<\/div>\n\t\t\t\t\t<\/div>\n\t\t<\/div>\n\t\t\t\t\t\t\t<\/div>\n\t\t<\/section>\n\t\t\t\t\t\t\t<\/div>\n\t\t","protected":false},"excerpt":{"rendered":"<p>Unser Appartment 1 ist eine wundersch\u00f6ne Ferienwohnung mit Fachwerkambiente und bietet Platz f\u00fcr max. 4 Personen,hat ein Tageslichtbad mit Dusche und eine kleine Einbauk\u00fcche. Da es sich um ein altes Fachwerkhaus handelt hat die Wohnung keine \u00fcbliche Decke H\u00f6he von 2,50 m. Am Balken ist die H\u00f6he 1,95, die restliche Raumh\u00f6he betr\u00e4gt 2,10 m.An unserem [&hellip;]<\/p>\n","protected":false},"author":1,"featured_media":0,"parent":0,"menu_order":0,"comment_status":"closed","ping_status":"closed","template":"","meta":{"footnotes":""},"class_list":["post-411","page","type-page","status-publish","hentry","entry"],"_links":{"self":[{"href":"https:\/\/2023.gaestehaus-koenigstein.de\/index.php?rest_route=\/wp\/v2\/pages\/411","targetHints":{"allow":["GET"]}}],"collection":[{"href":"https:\/\/2023.gaestehaus-koenigstein.de\/index.php?rest_route=\/wp\/v2\/pages"}],"about":[{"href":"https:\/\/2023.gaestehaus-koenigstein.de\/index.php?rest_route=\/wp\/v2\/types\/page"}],"author":[{"embeddable":true,"href":"https:\/\/2023.gaestehaus-koenigstein.de\/index.php?rest_route=\/wp\/v2\/users\/1"}],"replies":[{"embeddable":true,"href":"https:\/\/2023.gaestehaus-koenigstein.de\/index.php?rest_route=%2Fwp%2Fv2%2Fcomments&post=411"}],"version-history":[{"count":67,"href":"https:\/\/2023.gaestehaus-koenigstein.de\/index.php?rest_route=\/wp\/v2\/pages\/411\/revisions"}],"predecessor-version":[{"id":694,"href":"https:\/\/2023.gaestehaus-koenigstein.de\/index.php?rest_route=\/wp\/v2\/pages\/411\/revisions\/694"}],"wp:attachment":[{"href":"https:\/\/2023.gaestehaus-koenigstein.de\/index.php?rest_route=%2Fwp%2Fv2%2Fmedia&parent=411"}],"curies":[{"name":"wp","href":"https:\/\/api.w.org\/{rel}","templated":true}]}}