{"id":402,"date":"2023-06-25T14:58:25","date_gmt":"2023-06-25T14:58:25","guid":{"rendered":"https:\/\/2023.gaestehaus-koenigstein.de\/?page_id=402"},"modified":"2023-06-26T13:38:04","modified_gmt":"2023-06-26T13:38:04","slug":"impressum","status":"publish","type":"page","link":"https:\/\/2023.gaestehaus-koenigstein.de\/?page_id=402","title":{"rendered":"Impressum"},"content":{"rendered":"\t\t<div data-elementor-type=\"wp-page\" data-elementor-id=\"402\" class=\"elementor elementor-402\">\n\t\t\t\t\t\t\t\t\t<section class=\"elementor-section elementor-top-section elementor-element elementor-element-7a0251f elementor-section-boxed elementor-section-height-default elementor-section-height-default\" data-id=\"7a0251f\" data-element_type=\"section\">\n\t\t\t\t\t\t<div class=\"elementor-container elementor-column-gap-default\">\n\t\t\t\t\t<div class=\"elementor-column elementor-col-100 elementor-top-column elementor-element elementor-element-9b9e8d9\" data-id=\"9b9e8d9\" data-element_type=\"column\">\n\t\t\t<div class=\"elementor-widget-wrap elementor-element-populated\">\n\t\t\t\t\t\t\t\t<div class=\"elementor-element elementor-element-ed80dc8 elementor-widget elementor-widget-text-editor\" data-id=\"ed80dc8\" data-element_type=\"widget\" data-widget_type=\"text-editor.default\">\n\t\t\t\t<div class=\"elementor-widget-container\">\n\t\t\t<style>\/*! elementor - v3.14.0 - 26-06-2023 *\/\n.elementor-widget-text-editor.elementor-drop-cap-view-stacked .elementor-drop-cap{background-color:#69727d;color:#fff}.elementor-widget-text-editor.elementor-drop-cap-view-framed .elementor-drop-cap{color:#69727d;border:3px solid;background-color:transparent}.elementor-widget-text-editor:not(.elementor-drop-cap-view-default) .elementor-drop-cap{margin-top:8px}.elementor-widget-text-editor:not(.elementor-drop-cap-view-default) .elementor-drop-cap-letter{width:1em;height:1em}.elementor-widget-text-editor .elementor-drop-cap{float:left;text-align:center;line-height:1;font-size:50px}.elementor-widget-text-editor .elementor-drop-cap-letter{display:inline-block}<\/style>\t\t\t\t<h2>Impressum<\/h2><section data-id=\"2c34b2d\" data-element_type=\"section\"><div><div data-id=\"d057e5c\" data-element_type=\"column\"><div><div data-id=\"898c3fd\" data-element_type=\"widget\" data-widget_type=\"text-editor.default\"><div><p>G\u00e4stehaus K\u00f6nigstein<br \/>Kerstin Werther<br \/>Hintere Schlossgasse 1<br \/>61462 K\u00f6nigstein im TaunusTel: +49 157 72919275<\/p><p>Email: kerstinwerther[at]web.de<br \/>Umsatzsteuer-Identifikationsnummer: DE94872501061<\/p><p>Plattform der EU-Kommission zur Online-Streitbeteiligung: https:\/\/ec.europa.eu\/odr<\/p><p>Wir sind zur Teilnahme an einem Streitbeilegungsverfahren vor einer Verbraucherschlichtungsstelle weder verpflichtet noch bereit.<\/p><p>Gerichtsstand: Amtsgericht K\u00f6nigstein\/Ts<\/p><span style=\"font-size: large;\"><strong><br \/><\/strong><\/span><\/div><\/div><\/div><\/div><\/div><\/section>\t\t\t\t\t\t<\/div>\n\t\t\t\t<\/div>\n\t\t\t\t\t<\/div>\n\t\t<\/div>\n\t\t\t\t\t\t\t<\/div>\n\t\t<\/section>\n\t\t\t\t\t\t\t<\/div>\n\t\t","protected":false},"excerpt":{"rendered":"<p>Impressum G\u00e4stehaus K\u00f6nigsteinKerstin WertherHintere Schlossgasse 161462 K\u00f6nigstein im TaunusTel: +49 157 72919275 Email: kerstinwerther[at]web.deUmsatzsteuer-Identifikationsnummer: DE94872501061 Plattform der EU-Kommission zur Online-Streitbeteiligung: https:\/\/ec.europa.eu\/odr Wir sind zur Teilnahme an einem Streitbeilegungsverfahren vor einer Verbraucherschlichtungsstelle weder verpflichtet noch bereit. Gerichtsstand: Amtsgericht K\u00f6nigstein\/Ts<\/p>\n","protected":false},"author":1,"featured_media":0,"parent":0,"menu_order":0,"comment_status":"closed","ping_status":"closed","template":"","meta":{"footnotes":""},"class_list":["post-402","page","type-page","status-publish","hentry","entry"],"_links":{"self":[{"href":"https:\/\/2023.gaestehaus-koenigstein.de\/index.php?rest_route=\/wp\/v2\/pages\/402","targetHints":{"allow":["GET"]}}],"collection":[{"href":"https:\/\/2023.gaestehaus-koenigstein.de\/index.php?rest_route=\/wp\/v2\/pages"}],"about":[{"href":"https:\/\/2023.gaestehaus-koenigstein.de\/index.php?rest_route=\/wp\/v2\/types\/page"}],"author":[{"embeddable":true,"href":"https:\/\/2023.gaestehaus-koenigstein.de\/index.php?rest_route=\/wp\/v2\/users\/1"}],"replies":[{"embeddable":true,"href":"https:\/\/2023.gaestehaus-koenigstein.de\/index.php?rest_route=%2Fwp%2Fv2%2Fcomments&post=402"}],"version-history":[{"count":4,"href":"https:\/\/2023.gaestehaus-koenigstein.de\/index.php?rest_route=\/wp\/v2\/pages\/402\/revisions"}],"predecessor-version":[{"id":464,"href":"https:\/\/2023.gaestehaus-koenigstein.de\/index.php?rest_route=\/wp\/v2\/pages\/402\/revisions\/464"}],"wp:attachment":[{"href":"https:\/\/2023.gaestehaus-koenigstein.de\/index.php?rest_route=%2Fwp%2Fv2%2Fmedia&parent=402"}],"curies":[{"name":"wp","href":"https:\/\/api.w.org\/{rel}","templated":true}]}}