{"id":2,"date":"2023-06-19T15:29:16","date_gmt":"2023-06-19T15:29:16","guid":{"rendered":"https:\/\/gaestehaus-koenigstein.de\/home\/gaestehaus-koenigstein\/public_html\/?page_id=2"},"modified":"2023-07-18T16:07:33","modified_gmt":"2023-07-18T16:07:33","slug":"sample-page","status":"publish","type":"page","link":"https:\/\/2023.gaestehaus-koenigstein.de\/","title":{"rendered":"G\u00e4stehaus K\u00f6nigstein"},"content":{"rendered":"\t\t<div data-elementor-type=\"wp-page\" data-elementor-id=\"2\" class=\"elementor elementor-2\">\n\t\t\t\t\t\t\t\t\t<section class=\"elementor-section elementor-top-section elementor-element elementor-element-c42880b elementor-section-boxed elementor-section-height-default elementor-section-height-default\" data-id=\"c42880b\" data-element_type=\"section\">\n\t\t\t\t\t\t<div class=\"elementor-container elementor-column-gap-default\">\n\t\t\t\t\t<div class=\"elementor-column elementor-col-100 elementor-top-column elementor-element elementor-element-ff6f244\" data-id=\"ff6f244\" data-element_type=\"column\">\n\t\t\t<div class=\"elementor-widget-wrap elementor-element-populated\">\n\t\t\t\t\t\t\t\t<div class=\"elementor-element elementor-element-f9158c1 elementor-position-left elementor-vertical-align-top elementor-widget elementor-widget-image-box\" data-id=\"f9158c1\" data-element_type=\"widget\" data-widget_type=\"image-box.default\">\n\t\t\t\t<div class=\"elementor-widget-container\">\n\t\t\t<style>\/*! elementor - v3.14.0 - 26-06-2023 *\/\n.elementor-widget-image-box .elementor-image-box-content{width:100%}@media (min-width:768px){.elementor-widget-image-box.elementor-position-left .elementor-image-box-wrapper,.elementor-widget-image-box.elementor-position-right .elementor-image-box-wrapper{display:flex}.elementor-widget-image-box.elementor-position-right .elementor-image-box-wrapper{text-align:right;flex-direction:row-reverse}.elementor-widget-image-box.elementor-position-left .elementor-image-box-wrapper{text-align:left;flex-direction:row}.elementor-widget-image-box.elementor-position-top .elementor-image-box-img{margin:auto}.elementor-widget-image-box.elementor-vertical-align-top .elementor-image-box-wrapper{align-items:flex-start}.elementor-widget-image-box.elementor-vertical-align-middle .elementor-image-box-wrapper{align-items:center}.elementor-widget-image-box.elementor-vertical-align-bottom .elementor-image-box-wrapper{align-items:flex-end}}@media (max-width:767px){.elementor-widget-image-box .elementor-image-box-img{margin-left:auto!important;margin-right:auto!important;margin-bottom:15px}}.elementor-widget-image-box .elementor-image-box-img{display:inline-block}.elementor-widget-image-box .elementor-image-box-title a{color:inherit}.elementor-widget-image-box .elementor-image-box-wrapper{text-align:center}.elementor-widget-image-box .elementor-image-box-description{margin:0}<\/style><div class=\"elementor-image-box-wrapper\"><figure class=\"elementor-image-box-img\"><img loading=\"lazy\" decoding=\"async\" width=\"894\" height=\"1024\" src=\"https:\/\/2023.gaestehaus-koenigstein.de\/wp-content\/uploads\/2023\/07\/IMG-20230529-WA0003.jpg\" class=\"attachment-full size-full wp-image-696\" alt=\"\" srcset=\"https:\/\/2023.gaestehaus-koenigstein.de\/wp-content\/uploads\/2023\/07\/IMG-20230529-WA0003.jpg 894w, https:\/\/2023.gaestehaus-koenigstein.de\/wp-content\/uploads\/2023\/07\/IMG-20230529-WA0003-262x300.jpg 262w, https:\/\/2023.gaestehaus-koenigstein.de\/wp-content\/uploads\/2023\/07\/IMG-20230529-WA0003-768x880.jpg 768w\" sizes=\"auto, (max-width: 894px) 100vw, 894px\" \/><\/figure><div class=\"elementor-image-box-content\"><h3 class=\"elementor-image-box-title\">Herzlich Willkommen im G\u00e4stehaus K\u00f6nigstein.<\/h3><p class=\"elementor-image-box-description\">Die Hintere Schlossgasse 1 in K\u00f6nigstein liegt im Herzen der Altstadt und am Fu\u00dfe der Burg. Ganz bequem sind Sie zu Fu\u00df im Radius von 750m in der Fu\u00dfg\u00e4ngerzone, im Kurpark, im Woogtal, auf der Burg und in der Stadt. <br>Viele Einkaufsm\u00f6glichkeiten und leckere Restaurants laden zum Genie\u00dfen und Shoppen ein. F\u00fcr Spazierg\u00e4nger aber bietet K\u00f6nigstein nat\u00fcrlich noch mehr. Hier finden Sie n\u00e4here Informationen in unserer Kur- und Stadtinformation.<br>Wir sind ein tierfreundliches Haus und haben drei Hunde, die im oberen Stockwerk wohnen. Alle drei sind aber ruhige Gesellen, es sein denn, es klingelt. Dann wird mal kurz gebellt, dann ist aber gut. Wir haben noch eine Maine Coone Katze, die aber meistens unsichtbar ist. Bei uns ist es sehr ruhig, bis auf die Kirchturmglocken.\nIm G\u00e4stezimmer sowie in den Appartments sind Hunde und Katzen nach Absprache willkommen.\nWenn Sie mit dem Auto anreisen k\u00f6nnen Sie f\u00fcr die Zeit des Ein- und Ausladens Ihres Gep\u00e4cks direkt vor der Haust\u00fcr halten. Geb\u00fchrenfreie Parkpl\u00e4tze finden Sie auf dem gro\u00dfen Parkplatz hinter dem neuen Rathaus (ab 17Uhr) ich f\u00fchre Sie gerne pers\u00f6nlich dort hin.<\/p><\/div><\/div>\t\t<\/div>\n\t\t\t\t<\/div>\n\t\t\t\t\t<\/div>\n\t\t<\/div>\n\t\t\t\t\t\t\t<\/div>\n\t\t<\/section>\n\t\t\t\t\t\t\t<\/div>\n\t\t","protected":false},"excerpt":{"rendered":"<p>Herzlich Willkommen im G\u00e4stehaus K\u00f6nigstein. Die Hintere Schlossgasse 1 in K\u00f6nigstein liegt im Herzen der Altstadt und am Fu\u00dfe der Burg. Ganz bequem sind Sie zu Fu\u00df im Radius von 750m in der Fu\u00dfg\u00e4ngerzone, im Kurpark, im Woogtal, auf der Burg und in der Stadt. Viele Einkaufsm\u00f6glichkeiten und leckere Restaurants laden zum Genie\u00dfen und Shoppen [&hellip;]<\/p>\n","protected":false},"author":1,"featured_media":0,"parent":0,"menu_order":0,"comment_status":"closed","ping_status":"open","template":"elementor_header_footer","meta":{"footnotes":""},"class_list":["post-2","page","type-page","status-publish","hentry","entry"],"_links":{"self":[{"href":"https:\/\/2023.gaestehaus-koenigstein.de\/index.php?rest_route=\/wp\/v2\/pages\/2","targetHints":{"allow":["GET"]}}],"collection":[{"href":"https:\/\/2023.gaestehaus-koenigstein.de\/index.php?rest_route=\/wp\/v2\/pages"}],"about":[{"href":"https:\/\/2023.gaestehaus-koenigstein.de\/index.php?rest_route=\/wp\/v2\/types\/page"}],"author":[{"embeddable":true,"href":"https:\/\/2023.gaestehaus-koenigstein.de\/index.php?rest_route=\/wp\/v2\/users\/1"}],"replies":[{"embeddable":true,"href":"https:\/\/2023.gaestehaus-koenigstein.de\/index.php?rest_route=%2Fwp%2Fv2%2Fcomments&post=2"}],"version-history":[{"count":87,"href":"https:\/\/2023.gaestehaus-koenigstein.de\/index.php?rest_route=\/wp\/v2\/pages\/2\/revisions"}],"predecessor-version":[{"id":826,"href":"https:\/\/2023.gaestehaus-koenigstein.de\/index.php?rest_route=\/wp\/v2\/pages\/2\/revisions\/826"}],"wp:attachment":[{"href":"https:\/\/2023.gaestehaus-koenigstein.de\/index.php?rest_route=%2Fwp%2Fv2%2Fmedia&parent=2"}],"curies":[{"name":"wp","href":"https:\/\/api.w.org\/{rel}","templated":true}]}}